{"id":128,"date":"2020-06-02T09:37:01","date_gmt":"2020-06-02T07:37:01","guid":{"rendered":"https:\/\/octaedro.com\/octaedro-infantil\/producto\/import-placeholder-for-17390\/"},"modified":"2020-06-02T11:56:54","modified_gmt":"2020-06-02T09:56:54","slug":"podemos-pintar-los-suenos","status":"publish","type":"product","link":"https:\/\/octaedro.com\/octaedro-infantil\/producto\/podemos-pintar-los-suenos\/","title":{"rendered":"\u00a1Podemos pintar los sue\u00f1os!"},"content":{"rendered":"<p>\u00a1Podemos pintar los sue\u00f1os! es un libro que recoge de manera sencilla dos cl\u00e1sicos de la pedagog\u00eda: el diario de clase y el tri\u00e1ngulo de relaciones. Una manera de ejercer de maestro y una manera de entender y hacer realidad la escuela y la educaci\u00f3n, que con mucha naturalidad han practicado grandes maestros y maestras en siglos pasados y que con tanto acierto recogieron en los treinta puntos de la Escuela Nueva, la escuela que a\u00fan hoy est\u00e1 pendiente de ser generalizada y practicada en nuestro pa\u00eds.<br \/>El diario de clase y el tri\u00e1ngulo de relaciones son dos elementos que dan forma y fondo al contenido del libro, pero el hecho de que sean dos elementos cl\u00e1sicos de la educaci\u00f3n no significa que se d\u00e9 una mirada atr\u00e1s; al contrario, es un libro actual, vivo, culto, abierto, y nos da la posibilidad de redescubrir la flexibilidad y el entusiasmo del magisterio, acerc\u00e1ndonos a aquello que transforma el trabajo de cada d\u00eda en algo deseable para todos: ni\u00f1os y ni\u00f1as, maestros y maestras y familia.<br \/>La lectura de este libro no deja indiferente, puede contagiar a quienes se sienten seguros en una escuela aburrida, cerrada y gris y empujarlos a emprender la ruta del color de lo imprevisto, del sue\u00f1o de la educaci\u00f3n, del goce del trabajo diario. Para otros, puede ser un b\u00e1lsamo saber que no est\u00e1n solos, que hay compa\u00f1eros y compa\u00f1eras que act\u00faan como ellos y son felices con su trabajo.<\/p>\n","protected":false},"excerpt":{"rendered":"<p>\u00a1Podemos pintar los sue\u00f1os! es un libro que recoge de manera sencilla dos cl\u00e1sicos de la pedagog\u00eda: el diario de clase y el tri\u00e1ngulo de relaciones. Una manera de ejercer de maestro y una manera de entender y hacer realidad la escuela y la educaci\u00f3n, que con mucha naturalidad han practicado grandes maestros y maestras en siglos pasados y que con tanto acierto recogieron en los treinta puntos de la Escuela Nueva, la escuela que a\u00fan hoy est\u00e1 pendiente de ser generalizada y practicada en nuestro pa\u00eds.<br \/>El diario de clase y el tri\u00e1ngulo de relaciones son dos elementos que dan forma y fondo al contenido del libro, pero el hecho de que sean dos elementos cl\u00e1sicos de la educaci\u00f3n no significa que se d\u00e9 una mirada atr\u00e1s; al contrario, es un libro actual, vivo, culto, abierto, y nos da la posibilidad de redescubrir la flexibilidad y el entusiasmo del magisterio, acerc\u00e1ndonos a aquello que transforma el trabajo de cada d\u00eda en algo deseable para todos: ni\u00f1os y ni\u00f1as, maestros y maestras y familia.<br \/>La lectura de este libro no deja indiferente, puede contagiar a quienes se sienten seguros en una escuela aburrida, cerrada y gris y empujarlos a emprender la ruta del color de lo imprevisto, del sue\u00f1o de la educaci\u00f3n, del goce del trabajo diario. Para otros, puede ser un b\u00e1lsamo saber que no est\u00e1n solos, que hay compa\u00f1eros y compa\u00f1eras que act\u00faan como ellos y son felices con su trabajo.<\/p>\n","protected":false},"featured_media":158,"comment_status":"open","ping_status":"closed","template":"","meta":{"_et_pb_use_builder":"","_et_pb_old_content":"","_et_gb_content_width":""},"product_brand":[],"product_cat":[19,32],"product_tag":[25],"class_list":{"0":"post-128","1":"product","2":"type-product","3":"status-publish","4":"has-post-thumbnail","6":"product_cat-editorial-octaedro","7":"product_cat-temas-de-infancia","8":"product_tag-edicion-impresa","10":"first","11":"instock","12":"shipping-taxable","13":"product-type-external"},"_links":{"self":[{"href":"https:\/\/octaedro.com\/octaedro-infantil\/wp-json\/wp\/v2\/product\/128","targetHints":{"allow":["GET"]}}],"collection":[{"href":"https:\/\/octaedro.com\/octaedro-infantil\/wp-json\/wp\/v2\/product"}],"about":[{"href":"https:\/\/octaedro.com\/octaedro-infantil\/wp-json\/wp\/v2\/types\/product"}],"replies":[{"embeddable":true,"href":"https:\/\/octaedro.com\/octaedro-infantil\/wp-json\/wp\/v2\/comments?post=128"}],"wp:featuredmedia":[{"embeddable":true,"href":"https:\/\/octaedro.com\/octaedro-infantil\/wp-json\/wp\/v2\/media\/158"}],"wp:attachment":[{"href":"https:\/\/octaedro.com\/octaedro-infantil\/wp-json\/wp\/v2\/media?parent=128"}],"wp:term":[{"taxonomy":"product_brand","embeddable":true,"href":"https:\/\/octaedro.com\/octaedro-infantil\/wp-json\/wp\/v2\/product_brand?post=128"},{"taxonomy":"product_cat","embeddable":true,"href":"https:\/\/octaedro.com\/octaedro-infantil\/wp-json\/wp\/v2\/product_cat?post=128"},{"taxonomy":"product_tag","embeddable":true,"href":"https:\/\/octaedro.com\/octaedro-infantil\/wp-json\/wp\/v2\/product_tag?post=128"}],"curies":[{"name":"wp","href":"https:\/\/api.w.org\/{rel}","templated":true}]}}