{"id":123,"date":"2020-06-02T09:37:01","date_gmt":"2020-06-02T07:37:01","guid":{"rendered":"https:\/\/octaedro.com\/octaedro-infantil\/producto\/import-placeholder-for-17385\/"},"modified":"2020-06-02T11:56:57","modified_gmt":"2020-06-02T09:56:57","slug":"loczy-una-insolita-atencion-personal","status":"publish","type":"product","link":"https:\/\/octaedro.com\/octaedro-infantil\/producto\/loczy-una-insolita-atencion-personal\/","title":{"rendered":"L\u00f3czy, una ins\u00f3lita atenci\u00f3n personal"},"content":{"rendered":"<p>La publicaci\u00f3n de esta obra dio a conocer la existencia del Instituto L\u00f3czy de Budapest,una casa de maternidad muy especial donde se quer\u00eda demostrar que la crianza y la educaci\u00f3n de ni\u00f1os muy peque\u00f1os privados de familia no solo es posible en colectividad sino que puede lograr resultados satisfactorios en cuanto se refiere al crecimiento personal del ser humano.<br \/>\nLa pedagog\u00eda que inspiraba ala pediatra Emmi Pikler segu\u00eda caminos diferentes a los habituales hasta entonces. La autonom\u00eda de movimientos del beb\u00e9 y la relaci\u00f3n afectiva privilegiada con los adultos constituyen la clave del \u00e9xito de su m\u00e9todo de atenci\u00f3n personal en el cual destacan tres elementos: el concepto de infancia como realidad \u00fanica, los conocimientos cient\u00edficos sobre el desarrollo infantil, y la actitud, por parte de la persona adulta, de confianza y respeto hacia la evoluci\u00f3n de cada ni\u00f1o. Tres elementos que se entretejen dentro de un conjunto institucional con una estructura y organizaci\u00f3n \u00fanicas.<\/p>\n","protected":false},"excerpt":{"rendered":"<p>La publicaci\u00f3n de esta obra dio a conocer la existencia del Instituto L\u00f3czy de Budapest,una casa de maternidad muy especial donde se quer\u00eda demostrar que la crianza y la educaci\u00f3n de ni\u00f1os muy peque\u00f1os privados de familia no solo es posible en colectividad sino que puede lograr resultados satisfactorios en cuanto se refiere al crecimiento personal del ser humano.<br \/>\nLa pedagog\u00eda que inspiraba ala pediatra Emmi Pikler segu\u00eda caminos diferentes a los habituales hasta entonces. La autonom\u00eda de movimientos del beb\u00e9 y la relaci\u00f3n afectiva privilegiada con los adultos constituyen la clave del \u00e9xito de su m\u00e9todo de atenci\u00f3n personal en el cual destacan tres elementos: el concepto de infancia como realidad \u00fanica, los conocimientos cient\u00edficos sobre el desarrollo infantil, y la actitud, por parte de la persona adulta, de confianza y respeto hacia la evoluci\u00f3n de cada ni\u00f1o. Tres elementos que se entretejen dentro de un conjunto institucional con una estructura y organizaci\u00f3n \u00fanicas.<\/p>\n","protected":false},"featured_media":153,"comment_status":"open","ping_status":"closed","template":"","meta":{"_et_pb_use_builder":"","_et_pb_old_content":"","_et_gb_content_width":""},"product_brand":[],"product_cat":[19,32],"product_tag":[25],"class_list":{"0":"post-123","1":"product","2":"type-product","3":"status-publish","4":"has-post-thumbnail","6":"product_cat-editorial-octaedro","7":"product_cat-temas-de-infancia","8":"product_tag-edicion-impresa","10":"first","11":"instock","12":"shipping-taxable","13":"product-type-external"},"_links":{"self":[{"href":"https:\/\/octaedro.com\/octaedro-infantil\/wp-json\/wp\/v2\/product\/123","targetHints":{"allow":["GET"]}}],"collection":[{"href":"https:\/\/octaedro.com\/octaedro-infantil\/wp-json\/wp\/v2\/product"}],"about":[{"href":"https:\/\/octaedro.com\/octaedro-infantil\/wp-json\/wp\/v2\/types\/product"}],"replies":[{"embeddable":true,"href":"https:\/\/octaedro.com\/octaedro-infantil\/wp-json\/wp\/v2\/comments?post=123"}],"wp:featuredmedia":[{"embeddable":true,"href":"https:\/\/octaedro.com\/octaedro-infantil\/wp-json\/wp\/v2\/media\/153"}],"wp:attachment":[{"href":"https:\/\/octaedro.com\/octaedro-infantil\/wp-json\/wp\/v2\/media?parent=123"}],"wp:term":[{"taxonomy":"product_brand","embeddable":true,"href":"https:\/\/octaedro.com\/octaedro-infantil\/wp-json\/wp\/v2\/product_brand?post=123"},{"taxonomy":"product_cat","embeddable":true,"href":"https:\/\/octaedro.com\/octaedro-infantil\/wp-json\/wp\/v2\/product_cat?post=123"},{"taxonomy":"product_tag","embeddable":true,"href":"https:\/\/octaedro.com\/octaedro-infantil\/wp-json\/wp\/v2\/product_tag?post=123"}],"curies":[{"name":"wp","href":"https:\/\/api.w.org\/{rel}","templated":true}]}}