{"id":111,"date":"2020-06-02T09:37:01","date_gmt":"2020-06-02T07:37:01","guid":{"rendered":"https:\/\/octaedro.com\/octaedro-infantil\/producto\/import-placeholder-for-17373\/"},"modified":"2020-06-02T11:57:05","modified_gmt":"2020-06-02T09:57:05","slug":"la-etica-en-el-pensamiento-y-obra-pedagogica-de-loris-malaguzzi","status":"publish","type":"product","link":"https:\/\/octaedro.com\/octaedro-infantil\/producto\/la-etica-en-el-pensamiento-y-obra-pedagogica-de-loris-malaguzzi\/","title":{"rendered":"La \u00e9tica en el pensamiento y obra pedag\u00f3gica de Loris Malaguzzi"},"content":{"rendered":"<p>En este libro se recoge una parte del pensamiento y la obra de Malaguzzi, una parte de un pensamiento que, como un mar, nos permite conocer o imaginar la inmensidad de los otros mares que contiene el pensamiento pedag\u00f3gico m\u00e1s potente de las \u00faltimas d\u00e9cadas del siglo XX y que nos abre un gran horizonte por el siglo que ahora comienza.<\/p>\n","protected":false},"excerpt":{"rendered":"<p>En este libro se recoge una parte del pensamiento y la obra de Malaguzzi, una parte de un pensamiento que, como un mar, nos permite conocer o imaginar la inmensidad de los otros mares que contiene el pensamiento pedag\u00f3gico m\u00e1s potente de las \u00faltimas d\u00e9cadas del siglo XX y que nos abre un gran horizonte por el siglo que ahora comienza.<\/p>\n","protected":false},"featured_media":141,"comment_status":"open","ping_status":"closed","template":"","meta":{"_et_pb_use_builder":"","_et_pb_old_content":"","_et_gb_content_width":""},"product_brand":[],"product_cat":[19,32],"product_tag":[25],"class_list":{"0":"post-111","1":"product","2":"type-product","3":"status-publish","4":"has-post-thumbnail","6":"product_cat-editorial-octaedro","7":"product_cat-temas-de-infancia","8":"product_tag-edicion-impresa","10":"first","11":"instock","12":"shipping-taxable","13":"product-type-external"},"_links":{"self":[{"href":"https:\/\/octaedro.com\/octaedro-infantil\/wp-json\/wp\/v2\/product\/111","targetHints":{"allow":["GET"]}}],"collection":[{"href":"https:\/\/octaedro.com\/octaedro-infantil\/wp-json\/wp\/v2\/product"}],"about":[{"href":"https:\/\/octaedro.com\/octaedro-infantil\/wp-json\/wp\/v2\/types\/product"}],"replies":[{"embeddable":true,"href":"https:\/\/octaedro.com\/octaedro-infantil\/wp-json\/wp\/v2\/comments?post=111"}],"wp:featuredmedia":[{"embeddable":true,"href":"https:\/\/octaedro.com\/octaedro-infantil\/wp-json\/wp\/v2\/media\/141"}],"wp:attachment":[{"href":"https:\/\/octaedro.com\/octaedro-infantil\/wp-json\/wp\/v2\/media?parent=111"}],"wp:term":[{"taxonomy":"product_brand","embeddable":true,"href":"https:\/\/octaedro.com\/octaedro-infantil\/wp-json\/wp\/v2\/product_brand?post=111"},{"taxonomy":"product_cat","embeddable":true,"href":"https:\/\/octaedro.com\/octaedro-infantil\/wp-json\/wp\/v2\/product_cat?post=111"},{"taxonomy":"product_tag","embeddable":true,"href":"https:\/\/octaedro.com\/octaedro-infantil\/wp-json\/wp\/v2\/product_tag?post=111"}],"curies":[{"name":"wp","href":"https:\/\/api.w.org\/{rel}","templated":true}]}}