{"id":107,"date":"2020-06-02T09:37:00","date_gmt":"2020-06-02T07:37:00","guid":{"rendered":"https:\/\/octaedro.com\/octaedro-infantil\/producto\/import-placeholder-for-17369\/"},"modified":"2020-06-02T11:57:07","modified_gmt":"2020-06-02T09:57:07","slug":"hacer-plastica","status":"publish","type":"product","link":"https:\/\/octaedro.com\/octaedro-infantil\/producto\/hacer-plastica\/","title":{"rendered":"Hacer pl\u00e1stica"},"content":{"rendered":"<p>Este es un libro pr\u00e1ctico, abierto a la reflexi\u00f3n y al debate sobre la educaci\u00f3n art\u00edstica, est\u00e9tica o pl\u00e1stica en las primeras edades. En \u00e9l se funden la pedagog\u00eda del arte y el arte de la pedagog\u00eda. Se trata de una serie de propuestas que pueden estimular el hecho de que todos los ni\u00f1os dispongan de la oportunidad de conocer, experimentar y gozar con el mundo del arte.<\/p>\n","protected":false},"excerpt":{"rendered":"<p>Este es un libro pr\u00e1ctico, abierto a la reflexi\u00f3n y al debate sobre la educaci\u00f3n art\u00edstica, est\u00e9tica o pl\u00e1stica en las primeras edades. En \u00e9l se funden la pedagog\u00eda del arte y el arte de la pedagog\u00eda. Se trata de una serie de propuestas que pueden estimular el hecho de que todos los ni\u00f1os dispongan de la oportunidad de conocer, experimentar y gozar con el mundo del arte.<\/p>\n","protected":false},"featured_media":137,"comment_status":"open","ping_status":"closed","template":"","meta":{"_et_pb_use_builder":"","_et_pb_old_content":"","_et_gb_content_width":""},"product_brand":[],"product_cat":[19,32],"product_tag":[25],"class_list":{"0":"post-107","1":"product","2":"type-product","3":"status-publish","4":"has-post-thumbnail","6":"product_cat-editorial-octaedro","7":"product_cat-temas-de-infancia","8":"product_tag-edicion-impresa","10":"first","11":"instock","12":"shipping-taxable","13":"product-type-external"},"_links":{"self":[{"href":"https:\/\/octaedro.com\/octaedro-infantil\/wp-json\/wp\/v2\/product\/107","targetHints":{"allow":["GET"]}}],"collection":[{"href":"https:\/\/octaedro.com\/octaedro-infantil\/wp-json\/wp\/v2\/product"}],"about":[{"href":"https:\/\/octaedro.com\/octaedro-infantil\/wp-json\/wp\/v2\/types\/product"}],"replies":[{"embeddable":true,"href":"https:\/\/octaedro.com\/octaedro-infantil\/wp-json\/wp\/v2\/comments?post=107"}],"wp:featuredmedia":[{"embeddable":true,"href":"https:\/\/octaedro.com\/octaedro-infantil\/wp-json\/wp\/v2\/media\/137"}],"wp:attachment":[{"href":"https:\/\/octaedro.com\/octaedro-infantil\/wp-json\/wp\/v2\/media?parent=107"}],"wp:term":[{"taxonomy":"product_brand","embeddable":true,"href":"https:\/\/octaedro.com\/octaedro-infantil\/wp-json\/wp\/v2\/product_brand?post=107"},{"taxonomy":"product_cat","embeddable":true,"href":"https:\/\/octaedro.com\/octaedro-infantil\/wp-json\/wp\/v2\/product_cat?post=107"},{"taxonomy":"product_tag","embeddable":true,"href":"https:\/\/octaedro.com\/octaedro-infantil\/wp-json\/wp\/v2\/product_tag?post=107"}],"curies":[{"name":"wp","href":"https:\/\/api.w.org\/{rel}","templated":true}]}}