{"id":389,"date":"2021-04-23T11:46:43","date_gmt":"2021-04-23T09:46:43","guid":{"rendered":"https:\/\/octaedro.com\/noria\/?post_type=product&#038;p=389"},"modified":"2021-04-23T13:45:55","modified_gmt":"2021-04-23T11:45:55","slug":"quiero-salir-de-casa","status":"publish","type":"product","link":"https:\/\/octaedro.com\/noria\/producto\/quiero-salir-de-casa\/","title":{"rendered":"\u00a1Quiero salir de casa!"},"content":{"rendered":"<p><span class=\"fontstyle0\">Dedicado a todas las v\u00edctimas de la COVID-19 y a todas las criaturas que viven y crecen en la incertidumbre de los tiempos de pandemia.<\/span><\/p>\n<p>&nbsp;<\/p>\n<p><iframe loading=\"lazy\" title=\"QUIERO SALIR DE CASA - ANG\u00c9LICA S\u00c1TIRO\" width=\"1080\" height=\"810\" src=\"https:\/\/www.youtube.com\/embed\/4PRbwCBWPwQ?feature=oembed\"  allow=\"accelerometer; autoplay; clipboard-write; encrypted-media; gyroscope; picture-in-picture\" allowfullscreen><\/iframe><\/p>\n","protected":false},"excerpt":{"rendered":"<p><strong><em>\u00a1Quiero salir de casa!<\/em><\/strong> es un cuento de la serie Sin nombre del Proyecto Noria infantil. Esta serie forma parte de una propuesta de literatura filos\u00f3fica para la infancia. Y recoge historias de un ni\u00f1o que empieza a darse cuenta de varias cosas relacionadas consigo mismo y con su entorno.<\/p>\n<p>Este cuento fue escrito durante la primera ola de la pandemia del 2020 en Espa\u00f1a. Los cambios en las pautas cognitivas, emocionales, sociales, culturales y relacionales provocados por el confinamiento y la nueva normalidad merecen ser explorados por la infancia. El protagonista, inspirado en criaturas reales, plantea sus hip\u00f3tesis y fantas\u00edas sobre lo que est\u00e1 pasando y nos muestra claramente la necesidad de dialogar con las criaturas sobre esta circunstancia, que nos afecta a todos.<\/p>\n<p>Al final del cuento se incluye un apartado dirigido a los adultos que propone actividades creativas y reflexivas para tratar estas cuestiones en profundidad y de manera divertida.<\/p>\n<p><strong>Autora: <\/strong><span class=\"sb_cpt_term_list\"><a href=\"https:\/\/octaedro.com\/autor\/angelica-satiro\/\"><strong>Ang\u00e9lica S\u00e1tiro<\/strong><\/a><\/span><\/p>\n<ul>\n<li>@angelsatiro<\/li>\n<li><a href=\"http:\/\/www.angelicasatiro.net\">www.angelicasatiro.net<\/a><\/li>\n<\/ul>\n<p><strong>Ilustrador: Edgar Ram\u00edrez<\/strong><\/p>\n<ul>\n<li>@edra_illustration<\/li>\n<li><a href=\"https:\/\/edra.myportfolio.com\/\">https:\/\/edra.myportfolio.com\/<\/a><\/li>\n<\/ul>\n<p><span class=\"fontstyle0\">\u00a0<\/span><\/p>\n","protected":false},"featured_media":371,"comment_status":"closed","ping_status":"closed","template":"","meta":{"_et_pb_use_builder":"","_et_pb_old_content":"","_et_gb_content_width":""},"product_brand":[],"product_cat":[17,19],"product_tag":[],"class_list":{"0":"post-389","1":"product","2":"type-product","3":"status-publish","4":"has-post-thumbnail","6":"product_cat-cuentos-para-pensar","7":"product_cat-serie-sin-nombre","9":"first","10":"instock","11":"featured","12":"shipping-taxable","13":"product-type-external"},"_links":{"self":[{"href":"https:\/\/octaedro.com\/noria\/wp-json\/wp\/v2\/product\/389","targetHints":{"allow":["GET"]}}],"collection":[{"href":"https:\/\/octaedro.com\/noria\/wp-json\/wp\/v2\/product"}],"about":[{"href":"https:\/\/octaedro.com\/noria\/wp-json\/wp\/v2\/types\/product"}],"replies":[{"embeddable":true,"href":"https:\/\/octaedro.com\/noria\/wp-json\/wp\/v2\/comments?post=389"}],"wp:featuredmedia":[{"embeddable":true,"href":"https:\/\/octaedro.com\/noria\/wp-json\/wp\/v2\/media\/371"}],"wp:attachment":[{"href":"https:\/\/octaedro.com\/noria\/wp-json\/wp\/v2\/media?parent=389"}],"wp:term":[{"taxonomy":"product_brand","embeddable":true,"href":"https:\/\/octaedro.com\/noria\/wp-json\/wp\/v2\/product_brand?post=389"},{"taxonomy":"product_cat","embeddable":true,"href":"https:\/\/octaedro.com\/noria\/wp-json\/wp\/v2\/product_cat?post=389"},{"taxonomy":"product_tag","embeddable":true,"href":"https:\/\/octaedro.com\/noria\/wp-json\/wp\/v2\/product_tag?post=389"}],"curies":[{"name":"wp","href":"https:\/\/api.w.org\/{rel}","templated":true}]}}