{"id":207,"date":"2019-06-26T13:51:09","date_gmt":"2019-06-26T11:51:09","guid":{"rendered":"https:\/\/octaedro.com\/noria\/?post_type=product&#038;p=207"},"modified":"2019-06-26T13:51:28","modified_gmt":"2019-06-26T11:51:28","slug":"la-paz-se-logra-con-las-palabras","status":"publish","type":"product","link":"https:\/\/octaedro.com\/noria\/producto\/la-paz-se-logra-con-las-palabras\/","title":{"rendered":"\u00bfLa paz se logra con las palabras?"},"content":{"rendered":"<p>En los inicios era la guerra.<\/p>\n<p>Todo ol\u00eda a destrucci\u00f3n, sab\u00eda a violencia, se oscurec\u00eda&#8230; El miedo se hab\u00eda instalado en lo m\u00e1s profundo de los corazones.<\/p>\n<p>Pero exist\u00eda una ni\u00f1a capaz de so\u00f1ar otros mundos posibles. Cada noche so\u00f1aba con uno de ellos. Y cuando lo hac\u00eda nac\u00eda la luz en los diferentes rincones del oscuro mundo en guerra.<\/p>\n<p>Un d\u00eda, su abuelita le regal\u00f3 unos hilos con los colores del arco iris. Con ellos pudo tejer los mundos de sus sue\u00f1os y narrar sus historias. Desde entonces, diversos mundos posibles fueron hil\u00e1ndose entre s\u00ed hasta formar el universo Hilomundos.<\/p>\n<p>En este cuento, la Ni\u00f1a del Hilo descubre el poder de las palabras para generar la paz. Cada libro de la colecci\u00f3n Hilomundos nos lleva a historias de b\u00fasqueda, invenci\u00f3n y creaci\u00f3n de mundos en paz desde la perspectiva de los sue\u00f1os de esta ni\u00f1a.<\/p>\n<p>Ilustraciones de\u00a0<strong>\u00c1lex Mel\u00e9ndez<\/strong>\u00a0y\u00a0<strong>Beatriz Dapena<\/strong>.<br \/>\n<a href=\"https:\/\/octaedro.com\/libro\/la-paz-se-logra-con-las-palabras\/%22http:\/\/www.beayalexchildrensbooks.com\/%22\">www.beayalexchildrensbooks.com<\/a><\/p>\n","protected":false},"excerpt":{"rendered":"<p>En los inicios era la guerra. Todo ol\u00eda a destrucci\u00f3n, sab\u00eda a violencia, se oscurec\u00eda&#8230; El miedo se hab\u00eda instalado en lo m\u00e1s profundo de los corazones. Pero exist\u00eda una ni\u00f1a capaz de so\u00f1ar otros mundos posibles. Cada noche so\u00f1aba con uno de ellos. Y cuando lo hac\u00eda nac\u00eda la luz en los diferentes rincones [&hellip;]<\/p>\n","protected":false},"featured_media":208,"comment_status":"closed","ping_status":"closed","template":"","meta":{"_et_pb_use_builder":"","_et_pb_old_content":"","_et_gb_content_width":""},"product_brand":[],"product_cat":[17,20],"product_tag":[],"class_list":{"0":"post-207","1":"product","2":"type-product","3":"status-publish","4":"has-post-thumbnail","6":"product_cat-cuentos-para-pensar","7":"product_cat-serie-hilomundos","9":"first","10":"instock","11":"shipping-taxable","12":"product-type-external"},"_links":{"self":[{"href":"https:\/\/octaedro.com\/noria\/wp-json\/wp\/v2\/product\/207","targetHints":{"allow":["GET"]}}],"collection":[{"href":"https:\/\/octaedro.com\/noria\/wp-json\/wp\/v2\/product"}],"about":[{"href":"https:\/\/octaedro.com\/noria\/wp-json\/wp\/v2\/types\/product"}],"replies":[{"embeddable":true,"href":"https:\/\/octaedro.com\/noria\/wp-json\/wp\/v2\/comments?post=207"}],"wp:featuredmedia":[{"embeddable":true,"href":"https:\/\/octaedro.com\/noria\/wp-json\/wp\/v2\/media\/208"}],"wp:attachment":[{"href":"https:\/\/octaedro.com\/noria\/wp-json\/wp\/v2\/media?parent=207"}],"wp:term":[{"taxonomy":"product_brand","embeddable":true,"href":"https:\/\/octaedro.com\/noria\/wp-json\/wp\/v2\/product_brand?post=207"},{"taxonomy":"product_cat","embeddable":true,"href":"https:\/\/octaedro.com\/noria\/wp-json\/wp\/v2\/product_cat?post=207"},{"taxonomy":"product_tag","embeddable":true,"href":"https:\/\/octaedro.com\/noria\/wp-json\/wp\/v2\/product_tag?post=207"}],"curies":[{"name":"wp","href":"https:\/\/api.w.org\/{rel}","templated":true}]}}