{"id":196,"date":"2019-06-26T13:37:34","date_gmt":"2019-06-26T11:37:34","guid":{"rendered":"https:\/\/octaedro.com\/noria\/?post_type=product&#038;p=196"},"modified":"2020-09-02T19:41:02","modified_gmt":"2020-09-02T17:41:02","slug":"quiero-la-raiz","status":"publish","type":"product","link":"https:\/\/octaedro.com\/noria\/producto\/quiero-la-raiz\/","title":{"rendered":"\u00a1Quiero la ra\u00edz!"},"content":{"rendered":"<p>\u00a1Quiero la ra\u00edz!\u00a0es un cuento de la serie\u00a0Sin nombre\u00a0del\u00a0Proyecto Noria infantil, que re\u00fane cuentos con los que aprender a pensar, entender el mundo y convivir.<br \/>\nEsta serie, dirigida a ni\u00f1os y ni\u00f1as de 3 a 5 a\u00f1os, recoge historias de un ni\u00f1o que empieza a darse cuenta de varias cosas relacionadas consigo mismo y con su entorno. Las historias reflejan el di\u00e1logo interior de este ni\u00f1o sin nombre, lo que permitir\u00e1 plantearnos con los ni\u00f1os y ni\u00f1as peque\u00f1os algunas cuestiones fundamentales. Al final del cuento se incluye un apartado dirigido a los adultos que propone actividades y reflexiones para tratar estas cuestiones en profundidad.<br \/>\nEste cuento empieza comentando un cl\u00e1sico experimento: el proceso de germinaci\u00f3n de una legumbre. De ah\u00ed, el personaje empieza a preguntarse por la ra\u00edz de las cosas. Se plantea en realidad un importante tema filos\u00f3fico.<\/p>\n","protected":false},"excerpt":{"rendered":"<p>\u00a1Quiero la ra\u00edz!\u00a0es un cuento de la serie\u00a0Sin nombre\u00a0del\u00a0Proyecto Noria infantil, que re\u00fane cuentos con los que aprender a pensar, entender el mundo y convivir. Esta serie, dirigida a ni\u00f1os y ni\u00f1as de 3 a 5 a\u00f1os, recoge historias de un ni\u00f1o que empieza a darse cuenta de varias cosas relacionadas consigo mismo y con [&hellip;]<\/p>\n","protected":false},"featured_media":197,"comment_status":"closed","ping_status":"closed","template":"","meta":{"_et_pb_use_builder":"","_et_pb_old_content":"","_et_gb_content_width":""},"product_brand":[],"product_cat":[17,19],"product_tag":[],"class_list":{"0":"post-196","1":"product","2":"type-product","3":"status-publish","4":"has-post-thumbnail","6":"product_cat-cuentos-para-pensar","7":"product_cat-serie-sin-nombre","9":"first","10":"instock","11":"featured","12":"shipping-taxable","13":"product-type-external"},"_links":{"self":[{"href":"https:\/\/octaedro.com\/noria\/wp-json\/wp\/v2\/product\/196","targetHints":{"allow":["GET"]}}],"collection":[{"href":"https:\/\/octaedro.com\/noria\/wp-json\/wp\/v2\/product"}],"about":[{"href":"https:\/\/octaedro.com\/noria\/wp-json\/wp\/v2\/types\/product"}],"replies":[{"embeddable":true,"href":"https:\/\/octaedro.com\/noria\/wp-json\/wp\/v2\/comments?post=196"}],"wp:featuredmedia":[{"embeddable":true,"href":"https:\/\/octaedro.com\/noria\/wp-json\/wp\/v2\/media\/197"}],"wp:attachment":[{"href":"https:\/\/octaedro.com\/noria\/wp-json\/wp\/v2\/media?parent=196"}],"wp:term":[{"taxonomy":"product_brand","embeddable":true,"href":"https:\/\/octaedro.com\/noria\/wp-json\/wp\/v2\/product_brand?post=196"},{"taxonomy":"product_cat","embeddable":true,"href":"https:\/\/octaedro.com\/noria\/wp-json\/wp\/v2\/product_cat?post=196"},{"taxonomy":"product_tag","embeddable":true,"href":"https:\/\/octaedro.com\/noria\/wp-json\/wp\/v2\/product_tag?post=196"}],"curies":[{"name":"wp","href":"https:\/\/api.w.org\/{rel}","templated":true}]}}