{"id":185,"date":"2019-06-26T13:25:36","date_gmt":"2019-06-26T11:25:36","guid":{"rendered":"https:\/\/octaedro.com\/noria\/?post_type=product&#038;p=185"},"modified":"2019-06-26T13:28:21","modified_gmt":"2019-06-26T11:28:21","slug":"a-que-dedico-mi-tiempo","status":"publish","type":"product","link":"https:\/\/octaedro.com\/noria\/producto\/a-que-dedico-mi-tiempo\/","title":{"rendered":"\u00bfA qu\u00e9 dedico mi tiempo?"},"content":{"rendered":"<p>\u00bfA qu\u00e9 dedico mi tiempo?\u00a0es un cuento de la serie Juanita y sus amigos del Proyecto Noria infantil (www.wizardly-davinci.82-223-8-23.plesk.page\/noria), que re\u00fane cuentos con los que aprender a pensar, entender el mundo y convivir.<br \/>\nEsta serie, dirigida a ni\u00f1os y ni\u00f1as de 3 a 5 a\u00f1os, re\u00fane algunas historias de Juanita, quien, como las ni\u00f1as y los ni\u00f1os peque\u00f1os, busca el sentido del mundo mientras trata de entenderse a s\u00ed misma. En las diversas historias, se encuentra con amigos con quienes dialoga sobre estas cuestiones. En este cuento busca respuestas a sus preguntas filos\u00f3ficas sobre el tiempo, mientras juega y pasea junto a Pol, el caracol. Se trata de cuestionarse sobre las prisas del mundo actual, desde la perspectiva del movimiento mundial de la desaceleraci\u00f3n y de la propuesta de una pedagog\u00eda lenta.<br \/>\nAl final del libro se incluye un apartado dirigido a los adultos que propone actividades y reflexiones para tratar algunas de las cuestiones planteadas en el cuento.<\/p>\n","protected":false},"excerpt":{"rendered":"<div class=\"et_pb_column et_pb_column_1_2 et_pb_column_1 et_pb_css_mix_blend_mode_passthrough\">\n<div class=\"clearfix et_pb_module woocommerce et_pb_woo_text et_pb_text et_pb_bg_layout_light et_pb_text_align_left et_pb_woo_text_0\">\n<p>&nbsp;<\/p>\n<\/div>\n<div class=\"et_pb_module et_pb_divider_1 et_pb_space et_pb_divider_hidden\">\n<div class=\"et_pb_divider_internal\"><\/div>\n<\/div>\n<\/div>\n<div class=\"et_pb_column et_pb_column_1_4 et_pb_column_2 et_pb_css_mix_blend_mode_passthrough\">\n<div class=\"et_pb_with_border et_pb_module et_pb_text et_pb_text_2 et_pb_bg_layout_light et_pb_text_align_right\">\n<div class=\"et_pb_text_inner\"><\/div>\n<\/div>\n<\/div>\n","protected":false},"featured_media":186,"comment_status":"closed","ping_status":"closed","template":"","meta":{"_et_pb_use_builder":"","_et_pb_old_content":"","_et_gb_content_width":""},"product_brand":[],"product_cat":[17,18],"product_tag":[],"class_list":{"0":"post-185","1":"product","2":"type-product","3":"status-publish","4":"has-post-thumbnail","6":"product_cat-cuentos-para-pensar","7":"product_cat-serie-juanita-y-sus-amigos","9":"first","10":"instock","11":"shipping-taxable","12":"product-type-external"},"_links":{"self":[{"href":"https:\/\/octaedro.com\/noria\/wp-json\/wp\/v2\/product\/185","targetHints":{"allow":["GET"]}}],"collection":[{"href":"https:\/\/octaedro.com\/noria\/wp-json\/wp\/v2\/product"}],"about":[{"href":"https:\/\/octaedro.com\/noria\/wp-json\/wp\/v2\/types\/product"}],"replies":[{"embeddable":true,"href":"https:\/\/octaedro.com\/noria\/wp-json\/wp\/v2\/comments?post=185"}],"wp:featuredmedia":[{"embeddable":true,"href":"https:\/\/octaedro.com\/noria\/wp-json\/wp\/v2\/media\/186"}],"wp:attachment":[{"href":"https:\/\/octaedro.com\/noria\/wp-json\/wp\/v2\/media?parent=185"}],"wp:term":[{"taxonomy":"product_brand","embeddable":true,"href":"https:\/\/octaedro.com\/noria\/wp-json\/wp\/v2\/product_brand?post=185"},{"taxonomy":"product_cat","embeddable":true,"href":"https:\/\/octaedro.com\/noria\/wp-json\/wp\/v2\/product_cat?post=185"},{"taxonomy":"product_tag","embeddable":true,"href":"https:\/\/octaedro.com\/noria\/wp-json\/wp\/v2\/product_tag?post=185"}],"curies":[{"name":"wp","href":"https:\/\/api.w.org\/{rel}","templated":true}]}}