{"id":182,"date":"2019-06-26T13:23:31","date_gmt":"2019-06-26T11:23:31","guid":{"rendered":"https:\/\/octaedro.com\/noria\/?post_type=product&#038;p=182"},"modified":"2020-09-02T19:42:29","modified_gmt":"2020-09-02T17:42:29","slug":"que-ocurre-en-la-oscuridad","status":"publish","type":"product","link":"https:\/\/octaedro.com\/noria\/producto\/que-ocurre-en-la-oscuridad\/","title":{"rendered":"\u00bfQu\u00e9 ocurre en la oscuridad?"},"content":{"rendered":"<h2 class=\"module-title\">Presentaci\u00f3n<\/h2>\n<p><span class=\"destacat\">\u00bfQu\u00e9 ocurre en la oscuridad?<\/span>\u00a0es un cuento de la\u00a0<em>Serie Juanita y sus amigos<\/em>del Proyecto Noria infantil (www.wizardly-davinci.82-223-8-23.plesk.page\/noria), que re\u00fane cuentos con los que aprender a pensar, entender el mundo y convivir.<br \/>\nEsta serie, dirigida a ni\u00f1os de 3 a 5 a\u00f1os, recoge historias de la mariquita Juanita, quien, como los ni\u00f1os y las ni\u00f1as peque\u00f1os, busca el sentido del mundo mientras trata de entenderse a s\u00ed misma. En las diversas historias se encuentra con amigos con quienes dialoga sobre estas cuestiones, en este caso con Luci, la luci\u00e9rnaga, que le ayudar\u00e1 a superar su miedo a la oscuridad.<\/p>\n","protected":false},"excerpt":{"rendered":"<p>&nbsp;<\/p>\n<p>&nbsp;<\/p>\n","protected":false},"featured_media":183,"comment_status":"open","ping_status":"closed","template":"","meta":{"_et_pb_use_builder":"","_et_pb_old_content":"","_et_gb_content_width":""},"product_brand":[],"product_cat":[17,18],"product_tag":[],"class_list":{"0":"post-182","1":"product","2":"type-product","3":"status-publish","4":"has-post-thumbnail","6":"product_cat-cuentos-para-pensar","7":"product_cat-serie-juanita-y-sus-amigos","9":"first","10":"instock","11":"featured","12":"shipping-taxable","13":"product-type-external"},"_links":{"self":[{"href":"https:\/\/octaedro.com\/noria\/wp-json\/wp\/v2\/product\/182","targetHints":{"allow":["GET"]}}],"collection":[{"href":"https:\/\/octaedro.com\/noria\/wp-json\/wp\/v2\/product"}],"about":[{"href":"https:\/\/octaedro.com\/noria\/wp-json\/wp\/v2\/types\/product"}],"replies":[{"embeddable":true,"href":"https:\/\/octaedro.com\/noria\/wp-json\/wp\/v2\/comments?post=182"}],"wp:featuredmedia":[{"embeddable":true,"href":"https:\/\/octaedro.com\/noria\/wp-json\/wp\/v2\/media\/183"}],"wp:attachment":[{"href":"https:\/\/octaedro.com\/noria\/wp-json\/wp\/v2\/media?parent=182"}],"wp:term":[{"taxonomy":"product_brand","embeddable":true,"href":"https:\/\/octaedro.com\/noria\/wp-json\/wp\/v2\/product_brand?post=182"},{"taxonomy":"product_cat","embeddable":true,"href":"https:\/\/octaedro.com\/noria\/wp-json\/wp\/v2\/product_cat?post=182"},{"taxonomy":"product_tag","embeddable":true,"href":"https:\/\/octaedro.com\/noria\/wp-json\/wp\/v2\/product_tag?post=182"}],"curies":[{"name":"wp","href":"https:\/\/api.w.org\/{rel}","templated":true}]}}