{"id":180,"date":"2019-06-26T13:21:41","date_gmt":"2019-06-26T11:21:41","guid":{"rendered":"https:\/\/octaedro.com\/noria\/?post_type=product&#038;p=180"},"modified":"2019-06-26T13:21:54","modified_gmt":"2019-06-26T11:21:54","slug":"como-sabemos-hacia-donde-tenemos-que-ir","status":"publish","type":"product","link":"https:\/\/octaedro.com\/noria\/producto\/como-sabemos-hacia-donde-tenemos-que-ir\/","title":{"rendered":"\u00bfC\u00f3mo sabemos hacia d\u00f3nde tenemos que ir?"},"content":{"rendered":"<div class=\"clearfix et_pb_module woocommerce et_pb_woo_text et_pb_text et_pb_bg_layout_light et_pb_text_align_left et_pb_woo_text_0\">\n<h2 class=\"module-title\">Presentaci\u00f3n<\/h2>\n<p><span class=\"destacat\">\u00bfC\u00f3mo sabemos hacia d\u00f3nde tenemos que ir?<\/span>\u00a0es un cuento de la Serie\u00a0<em>Juanita y sus amigos<\/em>\u00a0del Proyecto Noria infantil (www.wizardly-davinci.82-223-8-23.plesk.page\/noria), que re\u00fane cuentos con los que aprender a pensar, entender el mundo y convivir.<br \/>\nEsta serie, dirigida a ni\u00f1os de 3 a 5 a\u00f1os, recoge historias de la mariquita Juanita, quien, como los ni\u00f1os y las ni\u00f1as peque\u00f1os, busca el sentido del mundo mientras trata de entenderse a s\u00ed misma. En las diversas historias, se encuentra con amigos con quienes dialoga sobre estas cuestiones, en este caso con Maripepa, la mariposa, a quien le preguntar\u00e1 c\u00f3mo saben hacia d\u00f3nde tienen que ir sus primas que vuelan en el cielo.<\/p>\n<\/div>\n","protected":false},"excerpt":{"rendered":"<p>Presentaci\u00f3n \u00bfC\u00f3mo sabemos hacia d\u00f3nde tenemos que ir?\u00a0es un cuento de la Serie\u00a0Juanita y sus amigos\u00a0del Proyecto Noria infantil (www.wizardly-davinci.82-223-8-23.plesk.page\/noria), que re\u00fane cuentos con los que aprender a pensar, entender el mundo y convivir. Esta serie, dirigida a ni\u00f1os de 3 a 5 a\u00f1os, recoge historias de la mariquita Juanita, quien, como los ni\u00f1os y [&hellip;]<\/p>\n","protected":false},"featured_media":181,"comment_status":"open","ping_status":"closed","template":"","meta":{"_et_pb_use_builder":"","_et_pb_old_content":"","_et_gb_content_width":""},"product_brand":[],"product_cat":[17,18],"product_tag":[],"class_list":{"0":"post-180","1":"product","2":"type-product","3":"status-publish","4":"has-post-thumbnail","6":"product_cat-cuentos-para-pensar","7":"product_cat-serie-juanita-y-sus-amigos","9":"first","10":"instock","11":"shipping-taxable","12":"product-type-external"},"_links":{"self":[{"href":"https:\/\/octaedro.com\/noria\/wp-json\/wp\/v2\/product\/180","targetHints":{"allow":["GET"]}}],"collection":[{"href":"https:\/\/octaedro.com\/noria\/wp-json\/wp\/v2\/product"}],"about":[{"href":"https:\/\/octaedro.com\/noria\/wp-json\/wp\/v2\/types\/product"}],"replies":[{"embeddable":true,"href":"https:\/\/octaedro.com\/noria\/wp-json\/wp\/v2\/comments?post=180"}],"wp:featuredmedia":[{"embeddable":true,"href":"https:\/\/octaedro.com\/noria\/wp-json\/wp\/v2\/media\/181"}],"wp:attachment":[{"href":"https:\/\/octaedro.com\/noria\/wp-json\/wp\/v2\/media?parent=180"}],"wp:term":[{"taxonomy":"product_brand","embeddable":true,"href":"https:\/\/octaedro.com\/noria\/wp-json\/wp\/v2\/product_brand?post=180"},{"taxonomy":"product_cat","embeddable":true,"href":"https:\/\/octaedro.com\/noria\/wp-json\/wp\/v2\/product_cat?post=180"},{"taxonomy":"product_tag","embeddable":true,"href":"https:\/\/octaedro.com\/noria\/wp-json\/wp\/v2\/product_tag?post=180"}],"curies":[{"name":"wp","href":"https:\/\/api.w.org\/{rel}","templated":true}]}}