{"id":45,"date":"2019-06-19T15:11:40","date_gmt":"2019-06-19T13:11:40","guid":{"rendered":"https:\/\/octaedro.com\/noria\/?page_id=45"},"modified":"2021-04-23T12:02:07","modified_gmt":"2021-04-23T10:02:07","slug":"cuentos-para-pensar","status":"publish","type":"page","link":"https:\/\/octaedro.com\/noria\/cuentos-para-pensar\/","title":{"rendered":"Cuentos para pensar"},"content":{"rendered":"[et_pb_section fb_built=\u00bb1&#8243; _builder_version=\u00bb3.22.7&#8243; height=\u00bb800px\u00bb custom_padding=\u00bb||0px|||\u00bb top_divider_style=\u00bbwaves2&#8243; top_divider_color=\u00bb#8e0460&#8243; top_divider_height=\u00bb28px\u00bb top_divider_flip=\u00bbvertical|horizontal\u00bb top_divider_arrangement=\u00bbabove_content\u00bb locked=\u00bboff\u00bb][et_pb_row _builder_version=\u00bb3.25&#8243; background_size=\u00bbinitial\u00bb background_position=\u00bbtop_left\u00bb background_repeat=\u00bbrepeat\u00bb][et_pb_column type=\u00bb4_4&#8243; _builder_version=\u00bb3.25&#8243; custom_padding__hover=\u00bb|||\u00bb][et_pb_text _builder_version=\u00bb3.27.4&#8243; width=\u00bb80%\u00bb max_width=\u00bb1080px\u00bb]\n<h1 style=\"text-align: left;\"><span style=\"font-size: 24pt;\"><span style=\"font-size: 24pt;\">Cuentos para pensar<\/span><\/span><\/h1>\n<p>&nbsp;<\/p>\n<h2><strong><span style=\"font-size: 18pt;\"><u>Serie <em>Juanita y sus amigos<\/em><\/u><\/span><\/strong><\/h2>\n[\/et_pb_text][et_pb_text admin_label=\u00bbJuanita y sus amigos\u00bb _builder_version=\u00bb3.27.4&#8243; z_index_tablet=\u00bb500&#8243;]\n<div class=\"et_pb_module et_pb_text et_pb_text_1 et_pb_bg_layout_light et_pb_text_align_left\">\n<div class=\"et_pb_text_inner\">\n<p style=\"text-align: justify;\">Esta colecci\u00f3n presenta tres series de libros dedicadas a criaturas de 3 a 6 a\u00f1os.<\/p>\n<p style=\"text-align: justify;\">La serie\u00a0<strong><em>Juanita y sus amigos<\/em><\/strong>\u00a0presenta cuentos que dan secuencia a las aventuras de autoconocimiento de la protagonista de\u00a0<em>La mariquita<\/em>\u00a0<em>Juanita.<\/em>\u00a0En cada cuento de la serie, ella se encuentra con un amigo, vive aventuras y dialoga con ellos sobre temas filos\u00f3ficos como el tiempo, la finitud, etc.\u00a0 y cuestiones emocionales como la rabia, el miedo, la incertidumbre, la p\u00e9rdida, etc. Son cuentos muy acertados para el desarrollo personal de las infancias y para la educaci\u00f3n emocional desde la perspectiva de la\u00a0<em>filosof\u00eda para ni\u00f1os<\/em>.<\/p>\n<p style=\"text-align: justify;\">\u00a0<\/p>\n<\/div>\n<\/div>\n[\/et_pb_text][\/et_pb_column][\/et_pb_row][et_pb_row _builder_version=\u00bb3.25&#8243;][et_pb_column type=\u00bb4_4&#8243; _builder_version=\u00bb3.25&#8243; custom_padding=\u00bb|||\u00bb custom_padding__hover=\u00bb|||\u00bb][et_pb_shop type=\u00bbproduct_category\u00bb include_categories=\u00bb18&#8243; orderby=\u00bbmenu_order\u00bb _builder_version=\u00bb3.25.3&#8243;][\/et_pb_shop][\/et_pb_column][\/et_pb_row][\/et_pb_section][et_pb_section fb_built=\u00bb1&#8243; _builder_version=\u00bb3.22.7&#8243; custom_padding=\u00bb|||||\u00bb locked=\u00bboff\u00bb][et_pb_row _builder_version=\u00bb3.25&#8243; custom_margin=\u00bb|auto||auto||\u00bb][et_pb_column type=\u00bb4_4&#8243; _builder_version=\u00bb3.25&#8243; custom_padding__hover=\u00bb|||\u00bb][et_pb_text _builder_version=\u00bb3.27.4&#8243; width=\u00bb100%\u00bb max_width=\u00bb1080px\u00bb min_height=\u00bb206px\u00bb custom_padding=\u00bb|||||\u00bb z_index_tablet=\u00bb500&#8243;]\n<div class=\"et_pb_module et_pb_text et_pb_text_1 et_pb_bg_layout_light et_pb_text_align_left\">\n<div class=\"et_pb_text_inner\">\n<h2><span style=\"font-size: 18pt;\"><strong><u>Serie <em>Sin nombre<\/em><\/u><\/strong><\/span><\/h2>\n<p style=\"text-align: justify;\">La serie\u00a0<strong><em>Sin nombre<\/em>\u00a0<\/strong>re\u00fane cuentos que muestran el di\u00e1logo interior de un ni\u00f1o afrodescendiente que no tiene nombre. En su descubierta de s\u00ed mismo y del mundo, se da cuenta del papel del lenguaje y de las relaciones e interacciones con los dem\u00e1s. Sus historias revelan la construcci\u00f3n de su pensamiento creativo, cr\u00edtico y \u00e9tico. Son cuentos muy acertados para trabajar temas de inclusi\u00f3n social, racismo, xenofob\u00eda y el necesario desarrollo de las habilidades y valores sociales, del respeto mutuo y la reciprocidad, desde la perspectiva de la\u00a0<em>filosof\u00eda para ni\u00f1os<\/em>.<\/p>\n<\/div>\n<\/div>\n[\/et_pb_text][\/et_pb_column][\/et_pb_row][et_pb_row _builder_version=\u00bb3.25&#8243;][et_pb_column type=\u00bb4_4&#8243; _builder_version=\u00bb3.25&#8243; custom_padding=\u00bb|||\u00bb custom_padding__hover=\u00bb|||\u00bb][et_pb_shop type=\u00bbproduct_category\u00bb include_categories=\u00bb19&#8243; orderby=\u00bbmenu_order\u00bb _builder_version=\u00bb4.9.1&#8243; hover_enabled=\u00bb0&#8243; sticky_enabled=\u00bb0&#8243;][\/et_pb_shop][\/et_pb_column][\/et_pb_row][\/et_pb_section][et_pb_section fb_built=\u00bb1&#8243; _builder_version=\u00bb3.22.7&#8243; min_height=\u00bb587px\u00bb custom_padding=\u00bb0px|||||\u00bb locked=\u00bboff\u00bb][et_pb_row _builder_version=\u00bb3.25&#8243; background_size=\u00bbinitial\u00bb background_position=\u00bbtop_left\u00bb background_repeat=\u00bbrepeat\u00bb][et_pb_column type=\u00bb4_4&#8243; _builder_version=\u00bb3.25&#8243; custom_padding__hover=\u00bb|||\u00bb][et_pb_text _builder_version=\u00bb3.27.4&#8243; width=\u00bb100%\u00bb max_width=\u00bb1080px\u00bb custom_margin=\u00bb|-224px||||\u00bb custom_padding=\u00bb|0px||||\u00bb z_index_tablet=\u00bb500&#8243;]\n<div class=\"et_pb_module et_pb_text et_pb_text_1 et_pb_bg_layout_light et_pb_text_align_left\">\n<h2><span style=\"font-size: 18pt;\"><strong><u>Serie <em>Hilomundos<\/em><\/u><\/strong><\/span><\/h2>\n<p style=\"text-align: justify;\">\n<p style=\"text-align: justify;\">La serie\u00a0<strong><em>Hilomundos<\/em><\/strong>\u00a0presenta cuentos que narran las aventuras on\u00edricas de la\u00a0<em>Ni\u00f1a del Hilo<\/em>. Ella nace en un mundo en guerra, pero descubre su capacidad de imaginar nuevos mundos posibles. Desde entonces, diversos mundos fueron hil\u00e1ndose entre s\u00ed hasta formar el universo Hilomundos. Cada libro de la colecci\u00f3n propone historias de b\u00fasqueda, invenci\u00f3n y creaci\u00f3n de mundos pac\u00edficos. La ni\u00f1a cuestiona\u00a0<em>c\u00f3mo se logra la paz<\/em>\u00a0y pregunta: \u00bfcon el coraz\u00f3n? \u00bfcon las palabras? \u00bfcon la uni\u00f3n? Los personajes, resultantes de sus sue\u00f1os, tratan temas filos\u00f3ficos que se relacionan con la pr\u00e1ctica de una ciudadan\u00eda creativa, comprometida con la construcci\u00f3n de procesos de paz. Son cuentos muy acertados para el est\u00edmulo y fortalecimiento de la interioridad de las criaturas frente a los conflictos externos, bien como para el desarrollo de la imaginaci\u00f3n y la creatividad social.<\/p>\n<\/div>\n[\/et_pb_text][\/et_pb_column][\/et_pb_row][et_pb_row _builder_version=\u00bb3.25&#8243;][et_pb_column type=\u00bb4_4&#8243; _builder_version=\u00bb3.25&#8243; custom_padding=\u00bb|||\u00bb custom_padding__hover=\u00bb|||\u00bb][et_pb_shop type=\u00bbproduct_category\u00bb include_categories=\u00bb20&#8243; orderby=\u00bbmenu_order\u00bb _builder_version=\u00bb3.25.3&#8243;][\/et_pb_shop][\/et_pb_column][\/et_pb_row][\/et_pb_section][et_pb_section fb_built=\u00bb1&#8243; _builder_version=\u00bb3.22.7&#8243; custom_padding=\u00bb2px|||||\u00bb][et_pb_row _builder_version=\u00bb3.25&#8243;][et_pb_column type=\u00bb4_4&#8243; _builder_version=\u00bb3.25&#8243; custom_padding=\u00bb|||\u00bb custom_padding__hover=\u00bb|||\u00bb][et_pb_text _builder_version=\u00bb3.27.4&#8243;]\n<p>En todas estas series los personajes descubren el mundo y a s\u00ed mismos y se plantean algunas cuestiones existenciales y filos\u00f3ficas. Al final de cada cuento se incluye un apartado dedicado a las personas adultas que acompa\u00f1an la lectura con propuestas de actividades para reflexionar y dialogar con los ni\u00f1os y ni\u00f1as. Los cuentos est\u00e1n en castellano y catal\u00e1n.<\/p>\n[\/et_pb_text][\/et_pb_column][\/et_pb_row][\/et_pb_section]\n","protected":false},"excerpt":{"rendered":"<p>Cuentos para pensar &nbsp; Serie Juanita y sus amigosEsta colecci\u00f3n presenta tres series de libros dedicadas a criaturas de 3 a 6 a\u00f1os.La serie\u00a0Juanita y sus amigos\u00a0presenta cuentos que dan secuencia a las aventuras de autoconocimiento de la protagonista de\u00a0La mariquita\u00a0Juanita.\u00a0En cada cuento de la serie, ella se encuentra con un amigo, vive aventuras y [&hellip;]<\/p>\n","protected":false},"author":1,"featured_media":0,"parent":0,"menu_order":0,"comment_status":"closed","ping_status":"closed","template":"","meta":{"_et_pb_use_builder":"on","_et_pb_old_content":"","_et_gb_content_width":"","footnotes":""},"class_list":["post-45","page","type-page","status-publish","hentry"],"_links":{"self":[{"href":"https:\/\/octaedro.com\/noria\/wp-json\/wp\/v2\/pages\/45","targetHints":{"allow":["GET"]}}],"collection":[{"href":"https:\/\/octaedro.com\/noria\/wp-json\/wp\/v2\/pages"}],"about":[{"href":"https:\/\/octaedro.com\/noria\/wp-json\/wp\/v2\/types\/page"}],"author":[{"embeddable":true,"href":"https:\/\/octaedro.com\/noria\/wp-json\/wp\/v2\/users\/1"}],"replies":[{"embeddable":true,"href":"https:\/\/octaedro.com\/noria\/wp-json\/wp\/v2\/comments?post=45"}],"version-history":[{"count":21,"href":"https:\/\/octaedro.com\/noria\/wp-json\/wp\/v2\/pages\/45\/revisions"}],"predecessor-version":[{"id":392,"href":"https:\/\/octaedro.com\/noria\/wp-json\/wp\/v2\/pages\/45\/revisions\/392"}],"wp:attachment":[{"href":"https:\/\/octaedro.com\/noria\/wp-json\/wp\/v2\/media?parent=45"}],"curies":[{"name":"wp","href":"https:\/\/api.w.org\/{rel}","templated":true}]}}