{"id":41,"date":"2019-06-19T15:11:10","date_gmt":"2019-06-19T13:11:10","guid":{"rendered":"https:\/\/octaedro.com\/noria\/?page_id=41"},"modified":"2021-04-23T17:49:14","modified_gmt":"2021-04-23T15:49:14","slug":"autoras","status":"publish","type":"page","link":"https:\/\/octaedro.com\/noria\/autoras\/","title":{"rendered":"Autoras"},"content":{"rendered":"[et_pb_section fb_built=\u00bb1&#8243; _builder_version=\u00bb3.22.7&#8243; top_divider_style=\u00bbwaves2&#8243; top_divider_color=\u00bb#77035a\u00bb top_divider_height=\u00bb31px\u00bb][et_pb_row _builder_version=\u00bb3.25&#8243;][et_pb_column type=\u00bb4_4&#8243; _builder_version=\u00bb3.25&#8243; custom_padding=\u00bb|||\u00bb custom_padding__hover=\u00bb|||\u00bb][et_pb_text _builder_version=\u00bb4.9.1&#8243; hover_enabled=\u00bb0&#8243; sticky_enabled=\u00bb0&#8243;]\n<div class=\"et_pb_module et_pb_text et_pb_text_0 et_pb_bg_layout_light et_pb_text_align_center\">\n<div class=\"et_pb_text_inner\">\n<h1 style=\"text-align: left;\">AUTORAS<\/h1>\n<\/div>\n<\/div>\n<div class=\"et_pb_module et_pb_text et_pb_text_1 et_pb_bg_layout_light et_pb_text_align_left\">\n<div class=\"et_pb_text_inner\">\n<h2><img loading=\"lazy\" decoding=\"async\" class=\"alignnone size-full wp-image-1810\" src=\"https:\/\/octaedro.com\/wp-content\/uploads\/2018\/09\/marieta-media-sinfondo.png\" alt=\"\" width=\"40\" height=\"42\" \/><strong>\u00a0<\/strong>Irene de Puig<\/h2>\n<p>&nbsp;<\/p>\n<p>Creadora del proyecto Noria junto a Ang\u00e9lica S\u00e1tiro, Irene de Puig es maestra y licenciada en Filosof\u00eda y Filolog\u00eda catalana. Ha ejercido como maestra, como profesora de secundaria y universidad y como formadora de docentes. Es autora de numerosos libros de texto de filosof\u00eda as\u00ed como libros de recursos para el aprendizaje. Tambi\u00e9n es habiltual colaboradora en\u00a0<i>Revista de pedagogia espa\u00f1ola<\/i>. Fue cofundadora en los a\u00f1os 80 del\u00a0<a href=\"http:\/\/www.grupiref.org\/\">Grup IREF<\/a>\u00a0(Innovaci\u00f3n e investigaci\u00f3 en la ense\u00f1anza de la filosofia) que adapt\u00f3 y divulg\u00f3 en catal\u00e1n los libros del proyecto internacional Philosophy for children del fil\u00f3sofo Mathew Lipman. Actualmente es la directora del Grup IREF y continua investigando recursos para introducir la reflexi\u00f3n filos\u00f3fica en las aulas de infantil, primaria y secundaria, especialmente a trav\u00e9s del cine. Es tambi\u00e9n la coordinadora del del\u00a0<a href=\"http:\/\/www.masterfilosofia3-18.com\/\">M\u00e1ster en Filosof\u00eda 3\/18<\/a>\u00a0de la UDG (Universidad de Girona \u2013Espa\u00f1a). Ha publicado numerosos libros en\u00a0<a href=\"http:\/\/octaedro.com\/es\/autor:Cos\/1005\">Octaedro<\/a>.<\/p>\n<p>&nbsp;<\/p>\n<h2><img loading=\"lazy\" decoding=\"async\" class=\"alignnone size-full wp-image-1810\" src=\"https:\/\/octaedro.com\/wp-content\/uploads\/2018\/09\/marieta-media-sinfondo.png\" alt=\"\" width=\"40\" height=\"42\" \/>\u00a0Ang\u00e9lica S\u00e1tiro<\/h2>\n<p>&nbsp;<\/p>\n<p>Directora del Proyecto Noria. Junto con Irene de Puig (GRUPIREF), ha dise\u00f1ado y desarrollado los programas del proyecto, y es autora de varios de los libros propuestos. Es doctora en pedagog\u00eda e investigadora reconocida con el t\u00edtulo de Estudios avanzados(DEA) en el doctorado de Filosof\u00eda de la Universidad de Barcelona (Espa\u00f1a). Licenciada en Pedagog\u00eda por la Universidad Estatal de Minas Gerais (Brasil), es tambi\u00e9n m\u00e9ster en el campo de la Creatividad aplicada por la Universidad de Santiago de Compostela (Espa\u00f1a) y posgraduada en Temas Filos\u00f3ficos por la Universidad Federal de Minas Gerais (Brasil). Tambi\u00e9n especilista en Filosof\u00eda para Ni\u00f1os por el IAPC (Institute for the Advancement of Philosofphy for children) por Montcalir State University (EEUU). Ejerce como facilitadora de la creatividad y la innovaci\u00f3n en varios pa\u00edses, asesorando a diferentes organizaciones e instituciones. Tiene m\u00e1s de 300 publicaciones en 6 idiomas: portugu\u00e9s, espa\u00f1ol, catal\u00e1n, gallego, ingl\u00e9s e italiano. Cre\u00f3 y dirige la asociaci\u00f3n CREARMUNDOS (<a href=\"http:\/\/www.crearmundos.net\/\">www.crearmundos.net<\/a>) y la consultor\u00eda CASA CREATIVA (<a href=\"http:\/\/www.lacasacreativa.net\/\">www.lacasacreativa.net<\/a>). Para saber m\u00e1s:\u00a0<a href=\"http:\/\/www.angelicasatiro.net\/\">www.angelicasatiro.net<\/a><\/p>\n<p>&nbsp;<\/p>\n<\/div>\n<\/div>\n<div class=\"et_pb_module et_pb_divider et_pb_divider_0 et_pb_divider_position_center et_pb_space\">\n<div class=\"et_pb_divider_internal\">\u00a0<\/div>\n<\/div>\n<div class=\"et_pb_module et_pb_text et_pb_text_2 et_pb_bg_layout_light et_pb_text_align_left\">\n<div class=\"et_pb_text_inner\">\n<h1>ILUSTRADORES<\/h1>\n<p><strong>\u00a0<\/strong><\/p>\n<p><strong><i class=\"fa fa-pencil fa- \"><\/i>\u00a0Marcelo Aurelio<\/strong>\u00a0(Juanita, los cuentos y las leyendas)<br \/><strong><i class=\"fa fa-pencil fa- \"><\/i>\u00a0Juanjo Cort\u00e9s<\/strong>\u00a0(Juanita y los mitos)<br \/><strong>\u00a0Glyn Goodwin<\/strong> (La mariquita Juanita y El jard\u00edn de Juanita)<br \/><strong><i class=\"fa fa-pencil fa- \"><\/i>\u00a0Cristina Subirats<\/strong>\u00a0(P\u00e9bili)<br \/><strong><i class=\"fa fa-pencil fa- \"><\/i>\u00a0Edgar Ram\u00edrez<\/strong>\u00a0(Serie Sin Nombre y serie Juanita y sus amigos)<br \/><strong><i class=\"fa fa-pencil fa- \"><\/i>\u00a0Cl\u00e0udia de Puig<\/strong>\u00a0(Vamos a pensar con cuentos y Jugar a pensar con cuentos)<br \/><strong><i class=\"fa fa-pencil fa- \"><\/i>\u00a0\u00c1lex Mel\u00e9ndez\u00a0<\/strong>(Hilomundos)<br \/><strong><i class=\"fa fa-pencil fa- \"><\/i>\u00a0Beatriz Dapena\u00a0<\/strong>(Hilomundos)<\/p>\n<\/div>\n<\/div>\n[\/et_pb_text][\/et_pb_column][\/et_pb_row][\/et_pb_section]\n","protected":false},"excerpt":{"rendered":"<p>AUTORAS \u00a0Irene de Puig &nbsp; Creadora del proyecto Noria junto a Ang\u00e9lica S\u00e1tiro, Irene de Puig es maestra y licenciada en Filosof\u00eda y Filolog\u00eda catalana. Ha ejercido como maestra, como profesora de secundaria y universidad y como formadora de docentes. Es autora de numerosos libros de texto de filosof\u00eda as\u00ed como libros de recursos para [&hellip;]<\/p>\n","protected":false},"author":1,"featured_media":0,"parent":0,"menu_order":0,"comment_status":"closed","ping_status":"closed","template":"","meta":{"_et_pb_use_builder":"on","_et_pb_old_content":"","_et_gb_content_width":"","footnotes":""},"class_list":["post-41","page","type-page","status-publish","hentry"],"_links":{"self":[{"href":"https:\/\/octaedro.com\/noria\/wp-json\/wp\/v2\/pages\/41","targetHints":{"allow":["GET"]}}],"collection":[{"href":"https:\/\/octaedro.com\/noria\/wp-json\/wp\/v2\/pages"}],"about":[{"href":"https:\/\/octaedro.com\/noria\/wp-json\/wp\/v2\/types\/page"}],"author":[{"embeddable":true,"href":"https:\/\/octaedro.com\/noria\/wp-json\/wp\/v2\/users\/1"}],"replies":[{"embeddable":true,"href":"https:\/\/octaedro.com\/noria\/wp-json\/wp\/v2\/comments?post=41"}],"version-history":[{"count":6,"href":"https:\/\/octaedro.com\/noria\/wp-json\/wp\/v2\/pages\/41\/revisions"}],"predecessor-version":[{"id":424,"href":"https:\/\/octaedro.com\/noria\/wp-json\/wp\/v2\/pages\/41\/revisions\/424"}],"wp:attachment":[{"href":"https:\/\/octaedro.com\/noria\/wp-json\/wp\/v2\/media?parent=41"}],"curies":[{"name":"wp","href":"https:\/\/api.w.org\/{rel}","templated":true}]}}