{"id":39,"date":"2019-06-19T15:11:04","date_gmt":"2019-06-19T13:11:04","guid":{"rendered":"https:\/\/octaedro.com\/noria\/?page_id=39"},"modified":"2025-03-12T17:37:19","modified_gmt":"2025-03-12T16:37:19","slug":"videos","status":"publish","type":"page","link":"https:\/\/octaedro.com\/noria\/videos\/","title":{"rendered":"V\u00eddeos"},"content":{"rendered":"[et_pb_section fb_built=\u00bb1&#8243; _builder_version=\u00bb4.16&#8243; top_divider_style=\u00bbwaves2&#8243; top_divider_color=\u00bb#77035a\u00bb top_divider_height=\u00bb31px\u00bb global_colors_info=\u00bb{}\u00bb][\/et_pb_section][et_pb_section fb_built=\u00bb1&#8243; _builder_version=\u00bb4.16&#8243; custom_margin=\u00bb-73px|||||\u00bb custom_padding=\u00bb0px|||||\u00bb locked=\u00bboff\u00bb global_colors_info=\u00bb{}\u00bb][et_pb_row _builder_version=\u00bb4.16&#8243; global_colors_info=\u00bb{}\u00bb][et_pb_column type=\u00bb4_4&#8243; _builder_version=\u00bb4.16&#8243; custom_padding=\u00bb|||\u00bb global_colors_info=\u00bb{}\u00bb custom_padding__hover=\u00bb|||\u00bb][et_pb_text _builder_version=\u00bb4.16&#8243; global_colors_info=\u00bb{}\u00bb]\n<h1>V\u00eddeos<\/h1>\n[\/et_pb_text][\/et_pb_column][\/et_pb_row][et_pb_row column_structure=\u00bb1_2,1_2&#8243; _builder_version=\u00bb4.16&#8243; background_size=\u00bbinitial\u00bb background_position=\u00bbtop_left\u00bb background_repeat=\u00bbrepeat\u00bb global_colors_info=\u00bb{}\u00bb][et_pb_column type=\u00bb1_2&#8243; _builder_version=\u00bb4.16&#8243; global_colors_info=\u00bb{}\u00bb custom_padding__hover=\u00bb|||\u00bb][et_pb_video src=\u00bbhttps:\/\/www.youtube.com\/watch?v=cAFgFb7nk1A\u00bb disabled_on=\u00bboff|off|off\u00bb _builder_version=\u00bb4.24.0&#8243; border_width_all=\u00bb5px\u00bb border_color_all=\u00bb#ff6100&#8243; box_shadow_style=\u00bbpreset6&#8243; global_colors_info=\u00bb{}\u00bb]\n<p>&nbsp;<\/p>\n[\/et_pb_video][et_pb_text disabled_on=\u00bboff|off|off\u00bb admin_label=\u00bbProyecto Noria. Entrevista a Ang\u00e9lica S\u00e1tiro\u00bb _builder_version=\u00bb4.24.0&#8243; global_colors_info=\u00bb{}\u00bb]\n<p style=\"text-align: left;\"><strong><span style=\"color: #ff6600; font-size: 14pt;\">Proyecto Noria. Entrevista a Ang\u00e9lica S\u00e1tiro<\/span><\/strong><\/p>\n[\/et_pb_text][et_pb_text disabled_on=\u00bboff|off|off\u00bb _builder_version=\u00bb4.24.0&#8243; hover_enabled=\u00bb0&#8243; global_colors_info=\u00bb{}\u00bb sticky_enabled=\u00bb0&#8243;]\n<p><span class=\"yt-core-attributed-string yt-core-attributed-string--white-space-pre-wrap\" dir=\"auto\"><span class=\"yt-core-attributed-string--link-inherit-color\" dir=\"auto\">Conversaremos con la autora Ang\u00e9lica S\u00e1tiro, quien nos guiar\u00e1 a trav\u00e9s del universo de Noria, una experiencia filos\u00f3fica que, como la atracci\u00f3n de feria, permite a los ni\u00f1os y ni\u00f1as ver el mundo desde m\u00faltiples perspectivas con un solo movimiento. \u00bfC\u00f3mo se construye un espacio de aprendizaje donde el asombro se convierte en herramienta para pensar? \u00bfQu\u00e9 papel tienen la creatividad y el juego en la educaci\u00f3n filos\u00f3fica? \u00bfC\u00f3mo abordar temas complejos en la infancia a trav\u00e9s de la filosof\u00eda l\u00fadica? <\/span><\/span><\/p>\n[\/et_pb_text][et_pb_divider color=\u00bb#7CDA24&#8243; divider_style=\u00bbdashed\u00bb disabled_on=\u00bboff|off|off\u00bb _builder_version=\u00bb4.16&#8243; custom_margin_tablet=\u00bb\u00bb custom_margin_phone=\u00bb\u00bb custom_margin_last_edited=\u00bbon|desktop\u00bb locked=\u00bboff\u00bb global_colors_info=\u00bb{}\u00bb]\n<p>&nbsp;<\/p>\n[\/et_pb_divider][\/et_pb_column][et_pb_column type=\u00bb1_2&#8243; _builder_version=\u00bb4.16&#8243; global_colors_info=\u00bb{}\u00bb custom_padding__hover=\u00bb|||\u00bb][et_pb_video src=\u00bbhttps:\/\/www.youtube.com\/watch?v=ePzhwOc3Ve8&#8243; disabled_on=\u00bboff|off|off\u00bb _builder_version=\u00bb4.24.0&#8243; border_width_all=\u00bb5px\u00bb border_color_all=\u00bb#ff6100&#8243; box_shadow_style=\u00bbpreset6&#8243; locked=\u00bboff\u00bb global_colors_info=\u00bb{}\u00bb]\n<p>&nbsp;<\/p>\n[\/et_pb_video][et_pb_text disabled_on=\u00bboff|off|off\u00bb admin_label=\u00bbJugar a pensar con el arte. Charlamos con Ang\u00e9lica S\u00e1tiro\u00bb _builder_version=\u00bb4.24.0&#8243; locked=\u00bboff\u00bb global_colors_info=\u00bb{}\u00bb]\n<p style=\"text-align: left;\"><strong><span style=\"color: #ff6600; font-size: 14pt;\">Jugar a pensar con el arte. Charlamos con Ang\u00e9lica S\u00e1tiro<\/span><\/strong><\/p>\n[\/et_pb_text][et_pb_text disabled_on=\u00bboff|off|off\u00bb _builder_version=\u00bb4.24.0&#8243; locked=\u00bboff\u00bb global_colors_info=\u00bb{}\u00bb]\n<p><span class=\"yt-core-attributed-string yt-core-attributed-string--white-space-pre-wrap\" dir=\"auto\"><span class=\"yt-core-attributed-string--link-inherit-color\" dir=\"auto\">\u00bfC\u00f3mo el arte puede ser una manera, no solo de comunicar ideas, sino de conceptualizar y cuestionar el mundo que nos rodea? Hablamos sobre ello con Ang\u00e9lica S\u00e1tiro, autora de \u201cJugar a pensar con el arte. Filosof\u00eda l\u00fadica y desarrollo del pensamiento creativo\u201d. En la entrevista exploramos las relaciones entre el arte y la filosof\u00eda en la sociedad actual, reflexionando sobre c\u00f3mo el arte puede ser una herramienta de resistencia y esperanza en tiempos marcados por el hiperconsumo, el individualismo y la precariedad. Adem\u00e1s, Ang\u00e9lica nos cuenta el proceso colaborativo entre diferentes autores, agentes y espacios que dado lugar a este libro. <\/span><\/span><\/p>\n[\/et_pb_text][et_pb_divider color=\u00bb#7CDA24&#8243; divider_style=\u00bbdashed\u00bb disabled_on=\u00bboff|off|off\u00bb _builder_version=\u00bb4.16&#8243; custom_margin_tablet=\u00bb\u00bb custom_margin_phone=\u00bb\u00bb custom_margin_last_edited=\u00bbon|desktop\u00bb locked=\u00bboff\u00bb global_colors_info=\u00bb{}\u00bb]\n<p>&nbsp;<\/p>\n[\/et_pb_divider][\/et_pb_column][\/et_pb_row][et_pb_row column_structure=\u00bb1_2,1_2&#8243; _builder_version=\u00bb4.16&#8243; background_size=\u00bbinitial\u00bb background_position=\u00bbtop_left\u00bb background_repeat=\u00bbrepeat\u00bb collapsed=\u00bboff\u00bb global_colors_info=\u00bb{}\u00bb][et_pb_column type=\u00bb1_2&#8243; _builder_version=\u00bb4.16&#8243; global_colors_info=\u00bb{}\u00bb custom_padding__hover=\u00bb|||\u00bb][et_pb_video src=\u00bbhttps:\/\/youtu.be\/TvYRrPJIwPU\u00bb _builder_version=\u00bb4.16&#8243; border_width_all=\u00bb5px\u00bb border_color_all=\u00bb#ff6100&#8243; box_shadow_style=\u00bbpreset6&#8243; global_colors_info=\u00bb{}\u00bb]\n<p>&nbsp;<\/p>\n[\/et_pb_video][et_pb_text admin_label=\u00bbCaf\u00e9 Imaginario con..\u00bb _builder_version=\u00bb4.16&#8243; text_font=\u00bb|||on|||||\u00bb link_option_url=\u00bbhttps:\/\/youtu.be\/TvYRrPJIwPU\u00bb global_colors_info=\u00bb{}\u00bb]\n<p style=\"text-align: left;\"><span style=\"font-size: 14pt;\"><strong><span style=\"color: #ff6600;\">Caf\u00e9 Imaginario con Irene de Puig (Especial 21 a\u00f1os del proyecto Noria)<\/span><\/strong><\/span><\/p>\n[\/et_pb_text][et_pb_text _builder_version=\u00bb4.16&#8243; global_colors_info=\u00bb{}\u00bb]\n<p>Ang\u00e9lica S\u00e1tiro e Irene de Puig dialogan sobre los 21 a\u00f1os del Proyecto Noria y el proceso para crearlo entre las dos, a partir de las preguntas y de la participaci\u00f3n de personas de diversos pa\u00edses y regiones espa\u00f1olas que conocen los libros del proyecto Noria y los emplean en sus regiones:<br \/>* Ana Isabel Garc\u00eda &#8211; directora del Centro de Filosof\u00eda para Ni\u00f1os de Madrid- Espa\u00f1a<br \/>* Gloria Arbon\u00e8s &#8211; directora del GrupIREF (Catalu\u00f1a &#8211; Espa\u00f1a)<br \/>* Laura Curbelo &#8211; directora de Nous, Uruguay<br \/>* Mar Santiago y Javier Rouco &#8211; de la Asociaci\u00f3n Gallega de Filosof\u00eda para Ni\u00f1os &#8211; Galicia &#8211; Espa\u00f1a<br \/>*Maria Zambelli y Manuela Salvi &#8211; Cdrf (Italia)<br \/>* Myriam Garc\u00eda Rodrigues &#8211; directora de la Asociaci\u00f3n de filosof\u00eda para Ni\u00f1os del Principado de Ast\u00farias &#8211; Espa\u00f1a<br \/>* V\u00e2nia Sofia Cruz &#8211; Filosofia para crian\u00e7as &#8211; Portugal<br \/>* Victor Rojas &#8211; director de MARFIL (Marginalidad y Filosof\u00eda) &#8211; Colombia<br \/>* Victoria Maclean &#8211; directora del Espacio Filosof\u00eda para Ni\u00f1xs &#8211; Argentina<br \/>* Yolanda Garc\u00eda Pav\u00f3n &#8211; directora del Grupo Educativo para la Formaci\u00f3n y Creatividad Mexicana s.c. &#8211; M\u00e9xico<\/p>\n[\/et_pb_text][et_pb_divider color=\u00bb#7CDA24&#8243; divider_style=\u00bbdashed\u00bb disabled_on=\u00bboff|on|on\u00bb _builder_version=\u00bb4.16&#8243; custom_margin_tablet=\u00bb\u00bb custom_margin_phone=\u00bb\u00bb custom_margin_last_edited=\u00bbon|desktop\u00bb global_colors_info=\u00bb{}\u00bb]\n<p>&nbsp;<\/p>\n[\/et_pb_divider][\/et_pb_column][et_pb_column type=\u00bb1_2&#8243; _builder_version=\u00bb4.16&#8243; global_colors_info=\u00bb{}\u00bb custom_padding__hover=\u00bb|||\u00bb][et_pb_video src=\u00bbhttps:\/\/youtu.be\/iTHpCbmcq9Y\u00bb _builder_version=\u00bb4.16&#8243; border_width_all=\u00bb5px\u00bb border_color_all=\u00bb#ff6100&#8243; box_shadow_style=\u00bbpreset6&#8243; locked=\u00bboff\u00bb global_colors_info=\u00bb{}\u00bb]\n<p>&nbsp;<\/p>\n[\/et_pb_video][et_pb_text admin_label=\u00bb\u00a1Quiero salir de casa!\u00bb _builder_version=\u00bb4.16&#8243; text_font=\u00bb|||on|||||\u00bb link_option_url=\u00bbhttps:\/\/youtu.be\/TvYRrPJIwPU\u00bb locked=\u00bboff\u00bb global_colors_info=\u00bb{}\u00bb]\n<p style=\"text-align: left;\"><span style=\"font-size: 14pt;\"><strong><span style=\"color: #ff6600;\">\u00a1Quiero salir de casa!<\/span><\/strong><\/span><\/p>\n[\/et_pb_text][et_pb_text _builder_version=\u00bb4.16&#8243; locked=\u00bboff\u00bb global_colors_info=\u00bb{}\u00bb]\n<p><span class=\"style-scope yt-formatted-string\" dir=\"auto\">En el programa Octaedro TV, hablamos con Ang\u00e9lica Castro y Edgar Ram\u00edrez acerca del nuevo libro: <\/span><\/p>\n<p><span class=\"style-scope yt-formatted-string\" dir=\"auto\"><a href=\"https:\/\/octaedro.com\/libro\/quiero-salir-de-casa\/\"><strong>\u00a1Quiero salir de casa!<\/strong><\/a> <\/span><\/p>\n<p><span class=\"style-scope yt-formatted-string\" dir=\"auto\">Dedicado a todas las v\u00edctimas del COVID-19 y a todas las ciraturas que viden y crecen en la incertidumbre de los tiempos de la pandemia.<\/span><\/p>\n[\/et_pb_text][et_pb_divider color=\u00bb#7CDA24&#8243; divider_style=\u00bbdashed\u00bb disabled_on=\u00bboff|on|on\u00bb _builder_version=\u00bb4.16&#8243; custom_margin_tablet=\u00bb\u00bb custom_margin_phone=\u00bb\u00bb custom_margin_last_edited=\u00bbon|desktop\u00bb locked=\u00bboff\u00bb global_colors_info=\u00bb{}\u00bb]\n<p>&nbsp;<\/p>\n[\/et_pb_divider][\/et_pb_column][\/et_pb_row][et_pb_row column_structure=\u00bb1_2,1_2&#8243; _builder_version=\u00bb4.16&#8243; background_size=\u00bbinitial\u00bb background_position=\u00bbtop_left\u00bb background_repeat=\u00bbrepeat\u00bb locked=\u00bboff\u00bb collapsed=\u00bboff\u00bb global_colors_info=\u00bb{}\u00bb][et_pb_column type=\u00bb1_2&#8243; _builder_version=\u00bb4.16&#8243; global_colors_info=\u00bb{}\u00bb custom_padding__hover=\u00bb|||\u00bb][et_pb_video src=\u00bbhttps:\/\/youtu.be\/CgHaqeOTkwE\u00bb _builder_version=\u00bb4.16&#8243; border_width_all=\u00bb5px\u00bb border_color_all=\u00bb#ff6100&#8243; box_shadow_style=\u00bbpreset6&#8243; global_colors_info=\u00bb{}\u00bb]\n<p>&nbsp;<\/p>\n[\/et_pb_video][et_pb_text admin_label=\u00bbEl Pa\u00eds\/BBVA\u00bb _builder_version=\u00bb4.16&#8243; text_font=\u00bb|||on|||||\u00bb global_colors_info=\u00bb{}\u00bb]\n<p style=\"text-align: left;\"><span style=\"font-size: 14pt;\"><strong><span style=\"color: #ff6600;\">C\u00f3mo despertar la creatividad<\/span><\/strong><\/span><\/p>\n[\/et_pb_text][et_pb_text _builder_version=\u00bb4.16&#8243; global_colors_info=\u00bb{}\u00bb]\n<p>Ang\u00e9lica S\u00e1tiro explica en este v\u00eddeo algunas t\u00e9cnicas para desarrollar la creatividad desde la infancia.<\/p>\n[\/et_pb_text][et_pb_divider color=\u00bb#7CDA24&#8243; divider_style=\u00bbdashed\u00bb disabled_on=\u00bboff|on|on\u00bb _builder_version=\u00bb4.16&#8243; custom_margin_tablet=\u00bb\u00bb custom_margin_phone=\u00bb\u00bb custom_margin_last_edited=\u00bbon|desktop\u00bb global_colors_info=\u00bb{}\u00bb]\n<p>&nbsp;<\/p>\n[\/et_pb_divider][\/et_pb_column][et_pb_column type=\u00bb1_2&#8243; _builder_version=\u00bb4.16&#8243; global_colors_info=\u00bb{}\u00bb custom_padding__hover=\u00bb|||\u00bb][et_pb_video src=\u00bbhttps:\/\/youtu.be\/Uhu-EoslGw4&#8243; _builder_version=\u00bb4.16&#8243; border_width_all=\u00bb5px\u00bb border_color_all=\u00bb#ff6100&#8243; box_shadow_style=\u00bbpreset6&#8243; global_colors_info=\u00bb{}\u00bb]\n<p>&nbsp;<\/p>\n[\/et_pb_video][et_pb_text admin_label=\u00bbEl Pa\u00eds\/BBVA &#8211; completa\u00bb _builder_version=\u00bb4.16&#8243; global_colors_info=\u00bb{}\u00bb]\n<p style=\"text-align: left;\"><span style=\"font-size: 14pt;\"><strong><span style=\"color: #ff6600;\">C\u00f3mo despertar la creatividad &#8211; Entrevista completa<\/span><\/strong><\/span><\/p>\n[\/et_pb_text][et_pb_text _builder_version=\u00bb4.16&#8243; global_colors_info=\u00bb{}\u00bb]\n<p>Versi\u00f3n completa de la entrevista a Ang\u00e9lica S\u00e1tiro en la que propone ejemplos pr\u00e1cticos\u00a0para desarrollar el pensamiento creativo en los ni\u00f1os desde su infancia.<\/p>\n[\/et_pb_text][et_pb_divider color=\u00bb#7CDA24&#8243; divider_style=\u00bbdashed\u00bb disabled_on=\u00bboff|on|on\u00bb _builder_version=\u00bb4.16&#8243; custom_margin_tablet=\u00bb\u00bb custom_margin_phone=\u00bb\u00bb custom_margin_last_edited=\u00bbon|desktop\u00bb global_colors_info=\u00bb{}\u00bb]\n<p>&nbsp;<\/p>\n[\/et_pb_divider][\/et_pb_column][\/et_pb_row][et_pb_row column_structure=\u00bb1_2,1_2&#8243; _builder_version=\u00bb4.16&#8243; background_size=\u00bbinitial\u00bb background_position=\u00bbtop_left\u00bb background_repeat=\u00bbrepeat\u00bb locked=\u00bboff\u00bb collapsed=\u00bboff\u00bb global_colors_info=\u00bb{}\u00bb][et_pb_column type=\u00bb1_2&#8243; _builder_version=\u00bb4.16&#8243; global_colors_info=\u00bb{}\u00bb custom_padding__hover=\u00bb|||\u00bb][et_pb_video src=\u00bbhttps:\/\/youtu.be\/biUi36_J9qY\u00bb _builder_version=\u00bb4.16&#8243; border_width_all=\u00bb5px\u00bb border_color_all=\u00bb#ff6100&#8243; box_shadow_style=\u00bbpreset6&#8243; global_colors_info=\u00bb{}\u00bb]\n<p>&nbsp;<\/p>\n[\/et_pb_video][et_pb_text admin_label=\u00bbTerr\u00edcoles\u00bb _builder_version=\u00bb4.16&#8243; global_colors_info=\u00bb{}\u00bb]\n<p style=\"text-align: left;\"><strong><span style=\"color: #ff6a00; font-size: 14pt;\">BETEV\u00c9 &#8211; Terr\u00edcoles<\/span><\/strong><\/p>\n[\/et_pb_text][et_pb_text _builder_version=\u00bb4.16&#8243; global_colors_info=\u00bb{}\u00bb]\n<p>Terr\u00edcoles &#8211; Betev\u00e9 &#8211; Milagros P\u00e9rez Oliva conversa con la pedagoga Angelica S\u00e1tiro.<\/p>\n[\/et_pb_text][et_pb_divider color=\u00bb#7CDA24&#8243; divider_style=\u00bbdashed\u00bb disabled_on=\u00bboff|on|on\u00bb _builder_version=\u00bb4.16&#8243; custom_margin_tablet=\u00bb\u00bb custom_margin_phone=\u00bb\u00bb custom_margin_last_edited=\u00bbon|desktop\u00bb global_colors_info=\u00bb{}\u00bb]\n<p>&nbsp;<\/p>\n[\/et_pb_divider][\/et_pb_column][et_pb_column type=\u00bb1_2&#8243; _builder_version=\u00bb4.16&#8243; global_colors_info=\u00bb{}\u00bb custom_padding__hover=\u00bb|||\u00bb][et_pb_video src=\u00bbhttps:\/\/youtu.be\/_GbKSG9cdOg\u00bb _builder_version=\u00bb4.16&#8243; border_width_all=\u00bb5px\u00bb border_color_all=\u00bb#ff6100&#8243; box_shadow_style=\u00bbpreset6&#8243; global_colors_info=\u00bb{}\u00bb]\n<p>&nbsp;<\/p>\n[\/et_pb_video][et_pb_text admin_label=\u00bbLos cuentos noria\u00bb _builder_version=\u00bb4.16&#8243; global_colors_info=\u00bb{}\u00bb]\n<p style=\"text-align: left;\"><strong><span style=\"color: #ff6600; font-size: 14pt;\">Los cuentos noria<\/span><\/strong><\/p>\n[\/et_pb_text][et_pb_text _builder_version=\u00bb4.16&#8243; global_colors_info=\u00bb{}\u00bb]\n<p>Entrevista realizada durante el Curso-Taller sobre \u00abCiudadan\u00eda Creativa e Infancia\u00bb en Unimonserrate por parte de V\u00edctor Rojas miembro del grupo MARFIL\u00abMarginalidad y Filosof\u00eda para Ni\u00f1os\u00bb de Uniminuto en Bogot\u00e1 Colombia para Casa Creativa.<\/p>\n[\/et_pb_text][et_pb_divider color=\u00bb#7CDA24&#8243; divider_style=\u00bbdashed\u00bb disabled_on=\u00bboff|on|on\u00bb _builder_version=\u00bb4.16&#8243; custom_margin_tablet=\u00bb\u00bb custom_margin_phone=\u00bb\u00bb custom_margin_last_edited=\u00bbon|desktop\u00bb locked=\u00bboff\u00bb global_colors_info=\u00bb{}\u00bb]\n<p>&nbsp;<\/p>\n[\/et_pb_divider][\/et_pb_column][\/et_pb_row][et_pb_row column_structure=\u00bb1_2,1_2&#8243; _builder_version=\u00bb4.16&#8243; background_size=\u00bbinitial\u00bb background_position=\u00bbtop_left\u00bb background_repeat=\u00bbrepeat\u00bb global_colors_info=\u00bb{}\u00bb][et_pb_column type=\u00bb1_2&#8243; _builder_version=\u00bb4.16&#8243; global_colors_info=\u00bb{}\u00bb custom_padding__hover=\u00bb|||\u00bb][et_pb_video src=\u00bbhttps:\/\/youtu.be\/q3uhF79479o\u00bb _builder_version=\u00bb4.16&#8243; border_width_all=\u00bb5px\u00bb border_color_all=\u00bb#ff6100&#8243; box_shadow_style=\u00bbpreset6&#8243; global_colors_info=\u00bb{}\u00bb]\n<p>&nbsp;<\/p>\n[\/et_pb_video][et_pb_text admin_label=\u00bbPensando en educaci\u00f3n\u00bb _builder_version=\u00bb4.16&#8243; global_colors_info=\u00bb{}\u00bb]\n<p style=\"text-align: left;\"><strong><span style=\"color: #ff6600; font-size: 14pt;\">Pensando en educaci\u00f3n<\/span><\/strong><\/p>\n[\/et_pb_text][et_pb_text _builder_version=\u00bb4.16&#8243; global_colors_info=\u00bb{}\u00bb]\n<p>Se tratan temas como el esfuerzo, el conocimiento, la alegr\u00eda, la salud, la autoridad, el respeto, las calificaciones&#8230;<\/p>\n[\/et_pb_text][et_pb_divider color=\u00bb#7CDA24&#8243; divider_style=\u00bbdashed\u00bb disabled_on=\u00bboff|on|on\u00bb _builder_version=\u00bb4.16&#8243; custom_margin_tablet=\u00bb\u00bb custom_margin_phone=\u00bb\u00bb custom_margin_last_edited=\u00bbon|desktop\u00bb locked=\u00bboff\u00bb global_colors_info=\u00bb{}\u00bb]\n<p>&nbsp;<\/p>\n[\/et_pb_divider][\/et_pb_column][et_pb_column type=\u00bb1_2&#8243; _builder_version=\u00bb4.16&#8243; global_colors_info=\u00bb{}\u00bb custom_padding__hover=\u00bb|||\u00bb][et_pb_video src=\u00bbhttps:\/\/youtu.be\/fXnnyYhiw0I\u00bb _builder_version=\u00bb4.16&#8243; border_width_all=\u00bb5px\u00bb border_color_all=\u00bb#ff6100&#8243; box_shadow_style=\u00bbpreset6&#8243; global_colors_info=\u00bb{}\u00bb]\n<p>&nbsp;<\/p>\n[\/et_pb_video][et_pb_text admin_label=\u00bbLa maleta m\u00e1gica&#8230;\u00bb _builder_version=\u00bb4.16&#8243; global_colors_info=\u00bb{}\u00bb]\n<p style=\"text-align: left;\"><span style=\"font-size: 14pt;\"><strong><span style=\"color: #ff6100;\">La maleta m\u00e1gica de los principios creativos<\/span><\/strong><\/span><\/p>\n[\/et_pb_text][et_pb_text _builder_version=\u00bb4.16&#8243; global_colors_info=\u00bb{}\u00bb]\n<p class=\"title style-scope ytd-video-primary-info-renderer\">Ang\u00e9lica S\u00e1tiro\u00a0presenta a trav\u00e9s de recursos l\u00fadicos, algunos principios de la capacidad creativa, que pueden ser aplicados al campo social.<\/p>\n[\/et_pb_text][et_pb_divider color=\u00bb#7CDA24&#8243; divider_style=\u00bbdashed\u00bb disabled_on=\u00bboff|on|on\u00bb _builder_version=\u00bb4.16&#8243; custom_margin_tablet=\u00bb\u00bb custom_margin_phone=\u00bb\u00bb custom_margin_last_edited=\u00bbon|desktop\u00bb locked=\u00bboff\u00bb global_colors_info=\u00bb{}\u00bb]\n<p>&nbsp;<\/p>\n[\/et_pb_divider][\/et_pb_column][\/et_pb_row][et_pb_row column_structure=\u00bb1_2,1_2&#8243; _builder_version=\u00bb4.16&#8243; background_size=\u00bbinitial\u00bb background_position=\u00bbtop_left\u00bb background_repeat=\u00bbrepeat\u00bb global_colors_info=\u00bb{}\u00bb][et_pb_column type=\u00bb1_2&#8243; _builder_version=\u00bb4.16&#8243; global_colors_info=\u00bb{}\u00bb custom_padding__hover=\u00bb|||\u00bb][et_pb_video src=\u00bbhttps:\/\/youtu.be\/6jNFI6oa0cE\u00bb _builder_version=\u00bb4.16&#8243; border_width_all=\u00bb5px\u00bb border_color_all=\u00bb#ff6100&#8243; box_shadow_style=\u00bbpreset6&#8243; global_colors_info=\u00bb{}\u00bb]\n<p>&nbsp;<\/p>\n[\/et_pb_video][et_pb_text admin_label=\u00bbSobre habilidades\u00bb _builder_version=\u00bb4.16&#8243; global_colors_info=\u00bb{}\u00bb]\n<p style=\"text-align: left;\"><strong><span style=\"color: #ff6600; font-size: 14pt;\">Sobre habilidades del pensamiento<\/span><\/strong><\/p>\n[\/et_pb_text][et_pb_text _builder_version=\u00bb4.16&#8243; global_colors_info=\u00bb{}\u00bb]\n<p>Ang\u00e9lica S\u00e1tiro habla de Habilidades de Pensamiento en el programa \u00abCaf\u00e9 con&#8230;\u00bb de Oxford Press.<\/p>\n[\/et_pb_text][et_pb_divider color=\u00bb#7CDA24&#8243; divider_style=\u00bbdashed\u00bb disabled_on=\u00bboff|on|on\u00bb _builder_version=\u00bb4.16&#8243; custom_margin_tablet=\u00bb\u00bb custom_margin_phone=\u00bb\u00bb custom_margin_last_edited=\u00bbon|desktop\u00bb locked=\u00bboff\u00bb global_colors_info=\u00bb{}\u00bb]\n<p>&nbsp;<\/p>\n[\/et_pb_divider][\/et_pb_column][et_pb_column type=\u00bb1_2&#8243; _builder_version=\u00bb4.16&#8243; global_colors_info=\u00bb{}\u00bb custom_padding__hover=\u00bb|||\u00bb][et_pb_video src=\u00bbhttps:\/\/youtu.be\/oMXkusxj14c\u00bb _builder_version=\u00bb4.16&#8243; border_width_all=\u00bb5px\u00bb border_color_all=\u00bb#ff6100&#8243; box_shadow_style=\u00bbpreset6&#8243; global_colors_info=\u00bb{}\u00bb]\n<p>&nbsp;<\/p>\n[\/et_pb_video][et_pb_text admin_label=\u00bbaprender a pensar mejor\u00bb _builder_version=\u00bb4.16&#8243; global_colors_info=\u00bb{}\u00bb]\n<p style=\"text-align: left;\"><strong><span style=\"color: #ff6600; font-size: 14pt;\">Sobre aprender a pensar mejor<\/span><\/strong><\/p>\n[\/et_pb_text][et_pb_text _builder_version=\u00bb4.16&#8243; global_colors_info=\u00bb{}\u00bb]\n<p class=\"title style-scope ytd-video-primary-info-renderer\">Jugar a pensar\u2026 \u00c9tica, cr\u00edtica y creativamente. La aportaci\u00f3n de la Filosof\u00eda L\u00fadica.<\/p>\n[\/et_pb_text][et_pb_divider color=\u00bb#7CDA24&#8243; divider_style=\u00bbdashed\u00bb disabled_on=\u00bboff|on|on\u00bb _builder_version=\u00bb4.16&#8243; custom_margin_tablet=\u00bb\u00bb custom_margin_phone=\u00bb\u00bb custom_margin_last_edited=\u00bbon|desktop\u00bb locked=\u00bboff\u00bb global_colors_info=\u00bb{}\u00bb]\n<p>&nbsp;<\/p>\n[\/et_pb_divider][\/et_pb_column][\/et_pb_row][\/et_pb_section]\n","protected":false},"excerpt":{"rendered":"<p>V\u00eddeos&nbsp; Proyecto Noria. Entrevista a Ang\u00e9lica S\u00e1tiroConversaremos con la autora Ang\u00e9lica S\u00e1tiro, quien nos guiar\u00e1 a trav\u00e9s del universo de Noria, una experiencia filos\u00f3fica que, como la atracci\u00f3n de feria, permite a los ni\u00f1os y ni\u00f1as ver el mundo desde m\u00faltiples perspectivas con un solo movimiento. \u00bfC\u00f3mo se construye un espacio de aprendizaje donde el [&hellip;]<\/p>\n","protected":false},"author":1,"featured_media":0,"parent":0,"menu_order":0,"comment_status":"closed","ping_status":"closed","template":"","meta":{"_et_pb_use_builder":"on","_et_pb_old_content":"","_et_gb_content_width":"","footnotes":""},"class_list":["post-39","page","type-page","status-publish","hentry"],"_links":{"self":[{"href":"https:\/\/octaedro.com\/noria\/wp-json\/wp\/v2\/pages\/39","targetHints":{"allow":["GET"]}}],"collection":[{"href":"https:\/\/octaedro.com\/noria\/wp-json\/wp\/v2\/pages"}],"about":[{"href":"https:\/\/octaedro.com\/noria\/wp-json\/wp\/v2\/types\/page"}],"author":[{"embeddable":true,"href":"https:\/\/octaedro.com\/noria\/wp-json\/wp\/v2\/users\/1"}],"replies":[{"embeddable":true,"href":"https:\/\/octaedro.com\/noria\/wp-json\/wp\/v2\/comments?post=39"}],"version-history":[{"count":11,"href":"https:\/\/octaedro.com\/noria\/wp-json\/wp\/v2\/pages\/39\/revisions"}],"predecessor-version":[{"id":516,"href":"https:\/\/octaedro.com\/noria\/wp-json\/wp\/v2\/pages\/39\/revisions\/516"}],"wp:attachment":[{"href":"https:\/\/octaedro.com\/noria\/wp-json\/wp\/v2\/media?parent=39"}],"curies":[{"name":"wp","href":"https:\/\/api.w.org\/{rel}","templated":true}]}}