{"id":33,"date":"2019-06-19T15:10:25","date_gmt":"2019-06-19T13:10:25","guid":{"rendered":"https:\/\/octaedro.com\/noria\/?page_id=33"},"modified":"2021-04-23T17:19:20","modified_gmt":"2021-04-23T15:19:20","slug":"formacion-del-profesorado","status":"publish","type":"page","link":"https:\/\/octaedro.com\/noria\/formacion-del-profesorado\/","title":{"rendered":"Formaci\u00f3n del profesorado"},"content":{"rendered":"[et_pb_section fb_built=\u00bb1&#8243; _builder_version=\u00bb3.22.7&#8243; top_divider_style=\u00bbwaves2&#8243; top_divider_color=\u00bb#77035a\u00bb top_divider_height=\u00bb31px\u00bb][et_pb_row _builder_version=\u00bb3.25&#8243;][et_pb_column type=\u00bb4_4&#8243; _builder_version=\u00bb3.25&#8243; custom_padding=\u00bb|||\u00bb custom_padding__hover=\u00bb|||\u00bb][et_pb_text _builder_version=\u00bb3.27.4&#8243;]\n<div class=\"et_pb_module et_pb_text et_pb_text_0 et_pb_bg_layout_light  et_pb_text_align_left\">\n<div class=\"et_pb_text_inner\">\n<div class=\"et_pb_module et_pb_text et_pb_text_0 et_pb_bg_layout_light  et_pb_text_align_center\">\n<div class=\"et_pb_text_inner\">\n<h1 style=\"text-align: left;\"><span>Formaci\u00f3n del profesorado<\/span><\/h1>\n<p>&nbsp;<\/p>\n<h2 style=\"text-align: left;\"><\/h2>\n<h2 style=\"text-align: left;\">Curso y talleres<\/h2>\n<\/div>\n<\/div>\n<div class=\"et_pb_module et_pb_text et_pb_text_1 et_pb_bg_layout_light  et_pb_text_align_left\">\n<div class=\"et_pb_text_inner\">\n<h3 style=\"padding-left: 30px;\"><strong><span><em>De iniciaci\u00f3n y de profundizaci\u00f3n:<\/em><\/span><\/strong><\/h3>\n<p style=\"padding-left: 30px;\">El proyecto NORIA cuenta con un equipo de formadores especialmente capacitados por las autoras de los libros. Los formadores autorizados pueden ofrecer cursos y talleres sobre cada uno de los programas adecuando la carga horaria a los distintos planes de formaci\u00f3n el profesorado existente en Espa\u00f1a y Latinoam\u00e9rica. Tambi\u00e9n est\u00e1n capacitados para ofrecer un curso del proyecto que da una visi\u00f3n global de todos los programas (curso de iniciaci\u00f3n). Es recomendable que se realice un curso de profundizaci\u00f3n en el programa espec\u00edfico que el profesor utilizar\u00e1 en el aula.<\/p>\n<p style=\"padding-left: 30px;\">\n<h3 style=\"padding-left: 30px;\"><span><em><strong>Tem\u00e1ticos y monogr\u00e1ficos<\/strong><\/em><\/span><\/h3>\n<p style=\"padding-left: 30px;\">Cada programa del proyecto NORIA condensa varios \u00e1mbitos y\/<em>o<\/em><em><span>\u00a0<\/span>\u00e1reas favoreciendo la posibilidad de que se realicen cursos<\/em>\u00a0talleres de algunas tem\u00e1ticas espec\u00edficas como, por ejemplo: cuentos, arte, juegos, habilidades de pensamiento, actitudes y valores \u00e9ticos, interculturalidad, educaci\u00f3n emocional, educaci\u00f3n para la paz, inclusi\u00f3n social, educaci\u00f3n ciudadana, creatividad, etc.<\/p>\n<p>&nbsp;<\/p>\n<h2><span>Conferencias y charlas<\/span><\/h2>\n<p>&nbsp;<\/p>\n<p>Dada la amplitud de la base te\u00f3rica de los libros que componen el Proyecto NORIA, varias son las posibilidades tem\u00e1ticas para conferencias y charlas de sensibilizaci\u00f3n y\/o profundizaci\u00f3n para educadores en general, familias, maestros, equipo directivo, etc.<\/p>\n<p>&nbsp;<\/p>\n<p>&nbsp;<\/p>\n<div class=\"su-note\">\n<div class=\"su-note-inner su-clearfix\">\n<p><a href=\"mailto:info.crearmundos@gmail.com\" target=\"_blank\" rel=\"noopener noreferrer\"><\/a><\/p>\n<\/div>\n<\/div>\n<\/div>\n<\/div>\n<\/div>\n<\/div>\n<div class=\"et_pb_module et_pb_text et_pb_text_5 et_pb_bg_layout_light  et_pb_text_align_left\">\n<div class=\"et_pb_text_inner\"><\/div>\n<\/div>\n[\/et_pb_text][\/et_pb_column][\/et_pb_row][et_pb_row _builder_version=\u00bb3.25&#8243; background_color=\u00bbrgba(237,240,0,0.04)\u00bb border_radii=\u00bbon|4px|4px|4px|4px\u00bb border_width_all=\u00bb3px\u00bb border_color_all=\u00bb#edf000&#8243;][et_pb_column type=\u00bb4_4&#8243; _builder_version=\u00bb3.25&#8243; custom_padding=\u00bb|||\u00bb custom_padding__hover=\u00bb|||\u00bb][et_pb_text _builder_version=\u00bb4.9.1&#8243; text_font=\u00bb||||||||\u00bb hover_enabled=\u00bb0&#8243; sticky_enabled=\u00bb0&#8243;]\n<p style=\"text-align: center;\"><strong>Comunidad virtual:<\/strong>\u00a0<strong><a href=\"https:\/\/es-es.facebook.com\/ProyectoNoria\" target=\"_blank\" rel=\"noopener noreferrer\">https:\/\/es-es.facebook.com\/ProyectoNoria<\/a><\/strong><\/p>\n<p style=\"text-align: center;\"><strong>Correo electr\u00f3nico: <a href=\"mailto:casacreativa51@gmail.com\" target=\"_blank\" rel=\"noopener\">casacreativa51@gmail.com<\/a><\/strong><\/p>\n[\/et_pb_text][\/et_pb_column][\/et_pb_row][\/et_pb_section]\n","protected":false},"excerpt":{"rendered":"<p>Formaci\u00f3n del profesorado &nbsp; Curso y talleres De iniciaci\u00f3n y de profundizaci\u00f3n: El proyecto NORIA cuenta con un equipo de formadores especialmente capacitados por las autoras de los libros. Los formadores autorizados pueden ofrecer cursos y talleres sobre cada uno de los programas adecuando la carga horaria a los distintos planes de formaci\u00f3n el profesorado [&hellip;]<\/p>\n","protected":false},"author":1,"featured_media":0,"parent":0,"menu_order":0,"comment_status":"closed","ping_status":"closed","template":"","meta":{"_et_pb_use_builder":"on","_et_pb_old_content":"","_et_gb_content_width":"","footnotes":""},"class_list":["post-33","page","type-page","status-publish","hentry"],"_links":{"self":[{"href":"https:\/\/octaedro.com\/noria\/wp-json\/wp\/v2\/pages\/33","targetHints":{"allow":["GET"]}}],"collection":[{"href":"https:\/\/octaedro.com\/noria\/wp-json\/wp\/v2\/pages"}],"about":[{"href":"https:\/\/octaedro.com\/noria\/wp-json\/wp\/v2\/types\/page"}],"author":[{"embeddable":true,"href":"https:\/\/octaedro.com\/noria\/wp-json\/wp\/v2\/users\/1"}],"replies":[{"embeddable":true,"href":"https:\/\/octaedro.com\/noria\/wp-json\/wp\/v2\/comments?post=33"}],"version-history":[{"count":6,"href":"https:\/\/octaedro.com\/noria\/wp-json\/wp\/v2\/pages\/33\/revisions"}],"predecessor-version":[{"id":414,"href":"https:\/\/octaedro.com\/noria\/wp-json\/wp\/v2\/pages\/33\/revisions\/414"}],"wp:attachment":[{"href":"https:\/\/octaedro.com\/noria\/wp-json\/wp\/v2\/media?parent=33"}],"curies":[{"name":"wp","href":"https:\/\/api.w.org\/{rel}","templated":true}]}}