{"id":28,"date":"2019-06-19T15:09:04","date_gmt":"2019-06-19T13:09:04","guid":{"rendered":"https:\/\/octaedro.com\/noria\/?page_id=28"},"modified":"2024-02-09T11:04:35","modified_gmt":"2024-02-09T10:04:35","slug":"proyecto-noria","status":"publish","type":"page","link":"https:\/\/octaedro.com\/noria\/","title":{"rendered":"Proyecto noria"},"content":{"rendered":"[et_pb_section fb_built=\u00bb1&#8243; _builder_version=\u00bb4.16&#8243; top_divider_style=\u00bbwaves2&#8243; top_divider_color=\u00bb#77035a\u00bb top_divider_height=\u00bb31px\u00bb global_colors_info=\u00bb{}\u00bb][et_pb_row column_structure=\u00bb3_4,1_4&#8243; _builder_version=\u00bb4.16&#8243; global_colors_info=\u00bb{}\u00bb][et_pb_column type=\u00bb3_4&#8243; _builder_version=\u00bb4.16&#8243; custom_padding=\u00bb|||\u00bb global_colors_info=\u00bb{}\u00bb custom_padding__hover=\u00bb|||\u00bb][et_pb_image title_text=\u00bbportada-noria-24&#8243; _builder_version=\u00bb4.23.4&#8243; _module_preset=\u00bbdefault\u00bb hover_enabled=\u00bb0&#8243; global_colors_info=\u00bb{}\u00bb src=\u00bbhttps:\/\/octaedro.com\/noria\/wp-content\/uploads\/2024\/02\/portada-noria-24.png\u00bb sticky_enabled=\u00bb0&#8243;][\/et_pb_image][et_pb_divider _builder_version=\u00bb4.16&#8243; _module_preset=\u00bbdefault\u00bb global_colors_info=\u00bb{}\u00bb][\/et_pb_divider][et_pb_text disabled_on=\u00bbon|off|off\u00bb _builder_version=\u00bb4.16&#8243; global_colors_info=\u00bb{}\u00bb]\n<div class=\"et_pb_module et_pb_text et_pb_text_0 et_pb_bg_layout_light  et_pb_text_align_left\">\n<div class=\"et_pb_text_inner\">\n<h2 style=\"text-align: justify; padding-left: 30px;\">Aprender a pensar creativamente<\/h2>\n<p style=\"text-align: justify; padding-left: 30px;\">Noria es un proyecto educativo y editorial que materializa la propuesta del movimiento\u00a0<em>filosof\u00eda l\u00fadica.<\/em>\u00a0Dicho movimiento forma parte del internacional programa de\u00a0<em>Filosof\u00eda para Ni\u00f1os<\/em>\u00a0creado por Matthew Lipman y su colaboradora Ann Margaret Sharp.<\/p>\n<p style=\"text-align: justify; padding-left: 30px;\">La NORIA, llamada en varios pa\u00edses latinoamericanos \u00abRueda de Chicago\u00bb, es una de las atracciones m\u00e1s apreciadas de una feria. Tiene colorido y en general viene acompa\u00f1ada por una m\u00fasica alegre que parece impulsar el movimiento circular que lleva a las ni\u00f1as y ni\u00f1os de arriba abajo. La posibilidad de ver las cosas desde lo alto y la sensaci\u00f3n de ver desde m\u00faltiples perspectivas con un s\u00f3lo movimiento tienen un gran atractivo. Cuando la cesta est\u00e1 en la curva m\u00e1s alta de la noria se mece suavemente, y entonces la mezcla de asombro, placer, inquietud y expectativa nos llevan a la risa y al descubrimiento de nuevas sensaciones.<\/p>\n<p style=\"text-align: justify; padding-left: 30px;\">Estas son las caracter\u00edsticas del movimiento\u00a0<em>filosof\u00eda l\u00fadica.<\/em><\/p>\n<p style=\"text-align: justify; padding-left: 30px;\">Este proyecto educativo lleva el nombre de esta atracci\u00f3n porque pretende ofrecer algo semejante en relaci\u00f3n al aprendizaje reflexivo y creativo. El objetivo es que los ni\u00f1os y las ni\u00f1as aprendan a pensar y a actuar considerando distintas perspectivas. Es deseable, incluso, que lo hagan desde puntos de vista inusitados para ellos. Y que el uso de la capacidad de pensar y actuar creativamente les provoque placer.<\/p>\n<p style=\"text-align: justify; padding-left: 30px;\">La NORIA es circular. El c\u00edrculo tiene un papel decisivo en este proyecto ya que utilizando esa forma geom\u00e9trica las ni\u00f1as y los ni\u00f1os se organizan y se disponen en el espacio para poder dialogar. El proyecto incentiva el desarrollo de la capacidad de pensar por nosotros mismos, pero en compa\u00f1\u00eda de los dem\u00e1s, en situaciones de di\u00e1logo que llamamos \u00abcomunidades de investigaci\u00f3n\u00bb. Sentados en c\u00edrculo, podemos mirarnos los unos a los a otros cuando nos hablamos.<\/p>\n<\/div>\n<\/div>\n<div class=\"et_pb_module et_pb_divider_0 et_pb_space et_pb_divider_hidden\" style=\"text-align: justify; padding-left: 30px;\">\n<div class=\"et_pb_divider_internal\" style=\"padding-left: 30px;\">\u00a0<\/div>\n<p><u style=\"font-size: 30px; color: #333333;\">El proyecto NORIA tiene\u00a0<strong>3 grandes apartados<\/strong><\/u><\/p>\n<\/div>\n<div class=\"et_pb_module et_pb_divider_1 et_pb_space et_pb_divider_hidden\" style=\"text-align: justify; padding-left: 30px;\">\n<div class=\"et_pb_divider_internal\" style=\"padding-left: 30px;\">\u00a0<\/div>\n<\/div>\n<div class=\"et_pb_module et_pb_text et_pb_text_2 et_pb_bg_layout_light  et_pb_text_align_left\" style=\"text-align: justify; padding-left: 30px;\">\n<div class=\"et_pb_text_inner\" style=\"padding-left: 30px;\">\n<h2 style=\"padding-left: 30px;\"><i class=\"fa fa-check fa- \"><\/i>\u00a0<\/h2>\n<h2 style=\"padding-left: 30px;\">Cuentos para pensar<\/h2>\n<p style=\"padding-left: 30px;\">Esta colecci\u00f3n presenta tres series de libros dedicadas a criaturas de 3 a 6 a\u00f1os.<\/p>\n<p style=\"padding-left: 30px;\">La serie\u00a0<strong><em>Juanita y sus amigos<\/em><\/strong>\u00a0presenta cuentos que dan secuencia a las aventuras de autoconocimiento de la protagonista de\u00a0<em>La mariquita<\/em>\u00a0<em>Juanita.<\/em>\u00a0En cada cuento de la serie, ella se encuentra con un amigo, vive aventuras y dialoga con ellos sobre temas filos\u00f3ficos como el tiempo, la finitud, etc.\u00a0 y cuestiones emocionales como la rabia, el miedo, la incertidumbre, la p\u00e9rdida, etc. Son cuentos muy acertados para el desarrollo personal de las infancias y para la educaci\u00f3n emocional desde la perspectiva de la\u00a0<em>filosof\u00eda para ni\u00f1os<\/em>.<\/p>\n<p style=\"padding-left: 30px;\">La serie\u00a0<strong><em>Sin nombre<\/em>\u00a0<\/strong>re\u00fane cuentos que muestran el di\u00e1logo interior de un ni\u00f1o afrodescendiente que no tiene nombre. En su descubierta de s\u00ed mismo y del mundo, se da cuenta del papel del lenguaje y de las relaciones e interacciones con los dem\u00e1s. Sus historias revelan la construcci\u00f3n de su pensamiento creativo, cr\u00edtico y \u00e9tico. Son cuentos muy acertados para trabajar temas de inclusi\u00f3n social, racismo, xenofob\u00eda y el necesario desarrollo de las habilidades y valores sociales, del respeto mutuo y la reciprocidad, desde la perspectiva de la\u00a0<em>filosof\u00eda para ni\u00f1os<\/em>.<\/p>\n<p style=\"padding-left: 30px;\">La serie\u00a0<strong><em>Hilomundos<\/em><\/strong>\u00a0presenta cuentos que narran las aventuras on\u00edricas de la\u00a0<em>Ni\u00f1a del Hilo<\/em>. Ella nace en un mundo en guerra, pero descubre su capacidad de imaginar nuevos mundos posibles. Desde entonces, diversos mundos fueron hil\u00e1ndose entre s\u00ed hasta formar el universo Hilomundos. Cada libro de la colecci\u00f3n propone historias de b\u00fasqueda, invenci\u00f3n y creaci\u00f3n de mundos pac\u00edficos. La ni\u00f1a cuestiona\u00a0<em>c\u00f3mo se logra la paz<\/em>\u00a0y pregunta: \u00bfcon el coraz\u00f3n? \u00bfcon las palabras? \u00bfcon la uni\u00f3n? Los personajes, resultantes de sus sue\u00f1os, tratan temas filos\u00f3ficos que se relacionan con la pr\u00e1ctica de una ciudadan\u00eda creativa, comprometida con la construcci\u00f3n de procesos de paz. Son cuentos muy acertados para el est\u00edmulo y fortalecimiento de la interioridad de las criaturas frente a los conflictos externos, bien como para el desarrollo de la imaginaci\u00f3n y la creatividad social.<\/p>\n<p style=\"padding-left: 30px;\">En todas estas series los personajes descubren el mundo y a s\u00ed mismos y se plantean algunas cuestiones existenciales y filos\u00f3ficas. Al final de cada cuento se incluye un apartado dedicado a las personas adultas que acompa\u00f1an la lectura con propuestas de actividades para reflexionar y dialogar con los ni\u00f1os y ni\u00f1as. Los cuentos est\u00e1n en castellano y catal\u00e1n.<\/p>\n<\/div>\n<\/div>\n<div class=\"et_pb_module et_pb_divider_2 et_pb_space et_pb_divider_hidden\" style=\"text-align: justify; padding-left: 30px;\">\n<div class=\"et_pb_divider_internal\" style=\"padding-left: 30px;\">\u00a0<\/div>\n<\/div>\n<div class=\"et_pb_module et_pb_text et_pb_text_3 et_pb_bg_layout_light  et_pb_text_align_left\" style=\"text-align: justify; padding-left: 30px;\">\n<div class=\"et_pb_text_inner\" style=\"padding-left: 30px;\">\n<h2 style=\"padding-left: 30px;\">Biblioteca Noria<\/h2>\n<p style=\"padding-left: 30px;\">Esta colecci\u00f3n propone libros que tanto sirven para la formaci\u00f3n de profesorado, como para el desarrollo personal. Trata tem\u00e1ticas variadas vinculadas al prop\u00f3sito general del proyecto NORIA: desarrollar pensamiento creativo y acci\u00f3n \u00e9tica.<\/p>\n<\/div>\n<\/div>\n<div class=\"et_pb_module et_pb_divider_3 et_pb_space et_pb_divider_hidden\" style=\"text-align: justify; padding-left: 30px;\">\n<div class=\"et_pb_divider_internal\" style=\"padding-left: 30px;\">\u00a0<\/div>\n<\/div>\n<div class=\"et_pb_module et_pb_text et_pb_text_4 et_pb_bg_layout_light  et_pb_text_align_left\" style=\"text-align: justify; padding-left: 30px;\">\n<div class=\"et_pb_text_inner\" style=\"padding-left: 30px;\">\n<h2 style=\"padding-left: 30px;\">Curr\u00edculum Noria infantil y primaria (de 2 a 11 a\u00f1os)<\/h2>\n<p style=\"padding-left: 30px;\">Desde el a\u00f1o 2000 el curriculum Noria infantil y primaria se aplica de manera exitosa en varias aulas de Espa\u00f1a y de diversos pa\u00edses de Latinoam\u00e9rica.<\/p>\n<p style=\"padding-left: 30px;\">Sus programas educativos est\u00e1n ordenados en parejas de libros, exceptuando los dos \u00faltimos programas. Los libros dedicados a los ni\u00f1os y ni\u00f1as ofrecen mini cuentos, cuentos tradicionales, leyendas y mitos. En los manuales de los maestros y las maestras se pueden encontrar m\u00e1s de 500 actividades distintas para promocionar el desarrollo del pensar, del sentir y del actuar a partir de los libros de los infantes. Adem\u00e1s, se proponen actividades que utilizan el arte y los juegos como recursos para el desarrollo de las habilidades de pensamiento, bien como de los valores y actitudes \u00e9ticas.<\/p>\n<\/div>\n<\/div>\n<div class=\"et_pb_module et_pb_divider et_pb_divider_4 et_pb_divider_position_center et_pb_space\" style=\"text-align: justify;\">\n<div class=\"et_pb_divider_internal\">\u00a0<\/div>\n<\/div>\n<div class=\"et_pb_module et_pb_text et_pb_text_5 et_pb_bg_layout_light  et_pb_text_align_left\">\n<div class=\"et_pb_text_inner\">\n<h2 style=\"text-align: justify;\">Serie complementaria<\/h2>\n<h2 style=\"text-align: justify;\"><strong>Crearmundos<\/strong><\/h2>\n<p style=\"text-align: justify;\">Conectada al proyecto NORIA, esta colecci\u00f3n ofrece libros, en lenguaje sencillo, para hacer posible el desarrollo del pensamiento creativo en el \u00e1mbito de la creatividad social. El s\u00edmbolo de esta colecci\u00f3n es el \u00e1rbol.<\/p>\n<p style=\"text-align: justify;\">El \u00e1rbol retrata la vida en su dinamismo con el cielo, la tierra, los dem\u00e1s seres vivos, adem\u00e1s de remarcar la creaci\u00f3n y la transformaci\u00f3n constante en su ciclo vital. Este s\u00edmbolo sintoniza con lo que esta colecci\u00f3n pretende desarrollar: el dinamismo y la conexi\u00f3n pr\u00e1ctica de la capacidad creativa con el mundo.<\/p>\n<\/div>\n<\/div>\n[\/et_pb_text][et_pb_text disabled_on=\u00bboff|on|on\u00bb _builder_version=\u00bb4.16&#8243; global_colors_info=\u00bb{}\u00bb]\n<h1>Aprender a pensar creativamente<\/h1>\n<p>Noria es un proyecto educativo y editorial que materializa la propuesta del movimiento\u00a0<em>filosof\u00eda l\u00fadica.<\/em>\u00a0Dicho movimiento forma parte del internacional programa de\u00a0<em>Filosof\u00eda para Ni\u00f1os<\/em>\u00a0creado por Matthew Lipman y su colaboradora Ann Margaret Sharp.<\/p>\n<p>La NORIA, llamada en varios pa\u00edses latinoamericanos \u00abRueda de Chicago\u00bb, es una de las atracciones m\u00e1s apreciadas de una feria. Tiene colorido y en general viene acompa\u00f1ada por una m\u00fasica alegre que parece impulsar el movimiento circular que lleva a las ni\u00f1as y ni\u00f1os de arriba abajo. La posibilidad de ver las cosas desde lo alto y la sensaci\u00f3n de ver desde m\u00faltiples perspectivas con un s\u00f3lo movimiento tienen un gran atractivo. Cuando la cesta est\u00e1 en la curva m\u00e1s alta de la noria se mece suavemente, y entonces la mezcla de asombro, placer, inquietud y expectativa nos llevan a la risa y al descubrimiento de nuevas sensaciones.<\/p>\n<p>Estas son las caracter\u00edsticas del movimiento\u00a0<em>filosof\u00eda l\u00fadica.<\/em><\/p>\n<p>Este proyecto educativo lleva el nombre de esta atracci\u00f3n porque pretende ofrecer algo semejante en relaci\u00f3n al aprendizaje reflexivo y creativo. El objetivo es que los ni\u00f1os y las ni\u00f1as aprendan a pensar y a actuar considerando distintas perspectivas. Es deseable, incluso, que lo hagan desde puntos de vista inusitados para ellos. Y que el uso de la capacidad de pensar y actuar creativamente les provoque placer.<\/p>\n<p>La NORIA es circular. El c\u00edrculo tiene un papel decisivo en este proyecto ya que utilizando esa forma geom\u00e9trica las ni\u00f1as y los ni\u00f1os se organizan y se disponen en el espacio para poder dialogar. El proyecto incentiva el desarrollo de la capacidad de pensar por nosotros mismos, pero en compa\u00f1\u00eda de los dem\u00e1s, en situaciones de di\u00e1logo que llamamos \u00abcomunidades de investigaci\u00f3n\u00bb. Sentados en c\u00edrculo, podemos mirarnos los unos a los a otros cuando nos hablamos.<\/p>\n<h2>3 grandes apartados:<\/h2>\n<h3><span style=\"text-decoration: underline;\"><a href=\"https:\/\/octaedro.com\/noria\/cuentos-para-pensar\/\" target=\"_blank\" rel=\"noopener\">Cuentos para pensar<\/a><\/span><\/h3>\n<p>Esta colecci\u00f3n presenta tres series de libros dedicadas a criaturas de 3 a 6 a\u00f1os.<\/p>\n<p>La serie\u00a0<strong><em>Juanita y sus amigos<\/em><\/strong>\u00a0presenta cuentos que dan secuencia a las aventuras de autoconocimiento de la protagonista de\u00a0<em>La mariquita<\/em>\u00a0<em>Juanita.<\/em>\u00a0En cada cuento de la serie, ella se encuentra con un amigo, vive aventuras y dialoga con ellos sobre temas filos\u00f3ficos como el tiempo, la finitud, etc.\u00a0 y cuestiones emocionales como la rabia, el miedo, la incertidumbre, la p\u00e9rdida, etc. Son cuentos muy acertados para el desarrollo personal de las infancias y para la educaci\u00f3n emocional desde la perspectiva de la\u00a0<em>filosof\u00eda para ni\u00f1os<\/em>.<\/p>\n<p>La serie\u00a0<strong><em>Sin nombre<\/em>\u00a0<\/strong>re\u00fane cuentos que muestran el di\u00e1logo interior de un ni\u00f1o afrodescendiente que no tiene nombre. En su descubierta de s\u00ed mismo y del mundo, se da cuenta del papel del lenguaje y de las relaciones e interacciones con los dem\u00e1s. Sus historias revelan la construcci\u00f3n de su pensamiento creativo, cr\u00edtico y \u00e9tico. Son cuentos muy acertados para trabajar temas de inclusi\u00f3n social, racismo, xenofob\u00eda y el necesario desarrollo de las habilidades y valores sociales, del respeto mutuo y la reciprocidad, desde la perspectiva de la\u00a0<em>filosof\u00eda para ni\u00f1os<\/em>.<\/p>\n<p>La serie\u00a0<strong><em>Hilomundos<\/em><\/strong>\u00a0presenta cuentos que narran las aventuras on\u00edricas de la\u00a0<em>Ni\u00f1a del Hilo<\/em>. Ella nace en un mundo en guerra, pero descubre su capacidad de imaginar nuevos mundos posibles. Desde entonces, diversos mundos fueron hil\u00e1ndose entre s\u00ed hasta formar el universo Hilomundos. Cada libro de la colecci\u00f3n propone historias de b\u00fasqueda, invenci\u00f3n y creaci\u00f3n de mundos pac\u00edficos. La ni\u00f1a cuestiona\u00a0<em>c\u00f3mo se logra la paz<\/em>\u00a0y pregunta: \u00bfcon el coraz\u00f3n? \u00bfcon las palabras? \u00bfcon la uni\u00f3n? Los personajes, resultantes de sus sue\u00f1os, tratan temas filos\u00f3ficos que se relacionan con la pr\u00e1ctica de una ciudadan\u00eda creativa, comprometida con la construcci\u00f3n de procesos de paz. Son cuentos muy acertados para el est\u00edmulo y fortalecimiento de la interioridad de las criaturas frente a los conflictos externos, bien como para el desarrollo de la imaginaci\u00f3n y la creatividad social.<\/p>\n<p>En todas estas series los personajes descubren el mundo y a s\u00ed mismos y se plantean algunas cuestiones existenciales y filos\u00f3ficas. Al final de cada cuento se incluye un apartado dedicado a las personas adultas que acompa\u00f1an la lectura con propuestas de actividades para reflexionar y dialogar con los ni\u00f1os y ni\u00f1as. Los cuentos est\u00e1n en castellano y catal\u00e1n.<\/p>\n<h3><span style=\"text-decoration: underline;\"><a href=\"https:\/\/octaedro.com\/noria\/curriculum-noria-infantil-y-primaria\/\" target=\"_blank\" rel=\"noopener\">Curr\u00edculum Noria infantil y primaria (de 2 a 11 a\u00f1os)<\/a><\/span><\/h3>\n<p>Desde el a\u00f1o 2000 el curriculum Noria infantil y primaria se aplica de manera exitosa en varias aulas de Espa\u00f1a y de diversos pa\u00edses de Latinoam\u00e9rica.<\/p>\n<p>Sus programas educativos est\u00e1n ordenados en parejas de libros, exceptuando los dos \u00faltimos programas. Los libros dedicados a los ni\u00f1os y ni\u00f1as ofrecen mini cuentos, cuentos tradicionales, leyendas y mitos. En los manuales de los maestros y las maestras se pueden encontrar m\u00e1s de 500 actividades distintas para promocionar el desarrollo del pensar, del sentir y del actuar a partir de los libros de los infantes. Adem\u00e1s, se proponen actividades que utilizan el arte y los juegos como recursos para el desarrollo de las habilidades de pensamiento, bien como de los valores y actitudes \u00e9ticas.<\/p>\n<h3><a href=\"https:\/\/octaedro.com\/noria\/biblioteca-noria\/\" target=\"_blank\" rel=\"noopener\"><span style=\"text-decoration: underline;\">Biblioteca Noria<\/span><\/a><\/h3>\n<p>Esta colecci\u00f3n propone libros que tanto sirven para la formaci\u00f3n de profesorado, como para el desarrollo personal. Trata tem\u00e1ticas variadas vinculadas al prop\u00f3sito general del proyecto NORIA: desarrollar pensamiento creativo y acci\u00f3n \u00e9tica.<\/p>\n<h2>\u00a0<\/h2>\n<h2>Serie complementaria:<\/h2>\n<h3><span style=\"text-decoration: underline;\"><a href=\"https:\/\/octaedro.com\/noria\/crearmundos\/\" target=\"_blank\" rel=\"noopener\">Crearmundos<\/a><\/span><\/h3>\n<p>Conectada al proyecto NORIA, esta colecci\u00f3n ofrece libros, en lenguaje sencillo, para hacer posible el desarrollo del pensamiento creativo en el \u00e1mbito de la creatividad social. El s\u00edmbolo de esta colecci\u00f3n es el \u00e1rbol.<\/p>\n<p>El \u00e1rbol retrata la vida en su dinamismo con el cielo, la tierra, los dem\u00e1s seres vivos, adem\u00e1s de remarcar la creaci\u00f3n y la transformaci\u00f3n constante en su ciclo vital. Este s\u00edmbolo sintoniza con lo que esta colecci\u00f3n pretende desarrollar: el dinamismo y la conexi\u00f3n pr\u00e1ctica de la capacidad creativa con el mundo.<\/p>\n[\/et_pb_text][\/et_pb_column][et_pb_column type=\u00bb1_4&#8243; _builder_version=\u00bb4.16&#8243; custom_padding=\u00bb|||\u00bb global_colors_info=\u00bb{}\u00bb custom_padding__hover=\u00bb|||\u00bb][et_pb_sidebar _builder_version=\u00bb4.16&#8243; border_style_right=\u00bbnone\u00bb global_colors_info=\u00bb{}\u00bb][\/et_pb_sidebar][et_pb_post_slider include_categories=\u00bball\u00bb excerpt_length=\u00bb150&#8243; image_placement=\u00bbleft\u00bb use_bg_overlay=\u00bboff\u00bb _builder_version=\u00bb4.16&#8243; background_enable_color=\u00bboff\u00bb global_colors_info=\u00bb{}\u00bb][\/et_pb_post_slider][\/et_pb_column][\/et_pb_row][\/et_pb_section]\n","protected":false},"excerpt":{"rendered":"<p>Aprender a pensar creativamente Noria es un proyecto educativo y editorial que materializa la propuesta del movimiento\u00a0filosof\u00eda l\u00fadica.\u00a0Dicho movimiento forma parte del internacional programa de\u00a0Filosof\u00eda para Ni\u00f1os\u00a0creado por Matthew Lipman y su colaboradora Ann Margaret Sharp. La NORIA, llamada en varios pa\u00edses latinoamericanos \u00abRueda de Chicago\u00bb, es una de las atracciones m\u00e1s apreciadas de una [&hellip;]<\/p>\n","protected":false},"author":1,"featured_media":0,"parent":0,"menu_order":0,"comment_status":"closed","ping_status":"closed","template":"","meta":{"_et_pb_use_builder":"on","_et_pb_old_content":"","_et_gb_content_width":"","footnotes":""},"class_list":["post-28","page","type-page","status-publish","hentry"],"_links":{"self":[{"href":"https:\/\/octaedro.com\/noria\/wp-json\/wp\/v2\/pages\/28","targetHints":{"allow":["GET"]}}],"collection":[{"href":"https:\/\/octaedro.com\/noria\/wp-json\/wp\/v2\/pages"}],"about":[{"href":"https:\/\/octaedro.com\/noria\/wp-json\/wp\/v2\/types\/page"}],"author":[{"embeddable":true,"href":"https:\/\/octaedro.com\/noria\/wp-json\/wp\/v2\/users\/1"}],"replies":[{"embeddable":true,"href":"https:\/\/octaedro.com\/noria\/wp-json\/wp\/v2\/comments?post=28"}],"version-history":[{"count":19,"href":"https:\/\/octaedro.com\/noria\/wp-json\/wp\/v2\/pages\/28\/revisions"}],"predecessor-version":[{"id":461,"href":"https:\/\/octaedro.com\/noria\/wp-json\/wp\/v2\/pages\/28\/revisions\/461"}],"wp:attachment":[{"href":"https:\/\/octaedro.com\/noria\/wp-json\/wp\/v2\/media?parent=28"}],"curies":[{"name":"wp","href":"https:\/\/api.w.org\/{rel}","templated":true}]}}